{"id":7,"date":"2016-11-29T11:20:46","date_gmt":"2016-11-29T10:20:46","guid":{"rendered":"http:\/\/devverlag.galledia.ch\/?page_id=7"},"modified":"2023-10-30T09:21:50","modified_gmt":"2023-10-30T08:21:50","slug":"mediadaten","status":"publish","type":"page","link":"https:\/\/www.m-q.ch\/de\/mediadaten\/","title":{"rendered":"Mediadaten"},"content":{"rendered":"<p><strong>Mediadaten<\/strong><\/p>\n<p><a href=\"https:\/\/www.m-q.ch\/wp-content\/uploads\/2023\/03\/MQ-Management-Qualitaet_Mediadaten-2023.pdf\">MQ Management und Qualit\u00e4t 2023<\/a><\/p>\n<p><a href=\"https:\/\/www.fachmedien.ch\/portfolio\/management-qualitaet.html\" target=\"_blank\" rel=\"noopener\">MQ Management und Qualit\u00e4t 2024<\/a><\/p>\n<p>\u00abMQ Management und Qualit\u00e4t\u00bb das Fachmagazin f\u00fcr integrierte Managementsysteme behandelt moderne Managementsysteme in der Praxis, aktuelle Trends im Risiko-, Sicherheits- und Umweltmanagement und Business Excellence.<\/p>\n<p>\u00abMQ Management und Qualit\u00e4t\u00bb ist offizielles Publikationsorgan der Swiss Association for Quality (SAQ) und tr\u00e4gt das Qualitatssiegel &#8222;Q-Publikation&#8220; der Schweizer Presse. Das Magazin geniesst durch die hohe Redaktionskompetenz grosse Akzeptanz und Glaubw\u00fcrdigkeit bei der Leserschaft.<\/p>\n<p>Mit den neuen digitalen Kan\u00e4len wie der Webseite, welche \u00fcber aktuelle News in der Branche berichtet oder dem informativen Newsletter, welcher praxisnah Trends zusammenfasst wird die Steigerung der Aktualit\u00e4t und Vertiefung ausgew\u00e4hlter Themen und Beitr\u00e4ge erm\u00f6glicht.<\/p>\n<p>Mit Ihrer Werbung erreichen Sie in diesem kompetenten Themenumfeld F\u00fchrungskr\u00e4fte, Entscheidungstr\u00e4ger, Qualit\u00e4ts- und Riskmanager in Unternehmen der Industrie, Wirtschaft, Verwaltung, Spit\u00e4ler und des Maschinenbaus. Detaillierte Informationen zur Leserschaft, den Tarifen und Formaten k\u00f6nnen Sie den aktuellen Mediadaten entnehmen.<\/p>\n","protected":false},"excerpt":{"rendered":"<p>Mediadaten MQ Management und Qualit\u00e4t 2023 MQ Management und Qualit\u00e4t 2024 \u00abMQ Management und Qualit\u00e4t\u00bb das Fachmagazin f\u00fcr integrierte Managementsysteme behandelt moderne Managementsysteme in der Praxis, aktuelle Trends im Risiko-, Sicherheits- und Umweltmanagement und Business Excellence. \u00abMQ Management und Qualit\u00e4t\u00bb ist offizielles Publikationsorgan der Swiss Association for Quality (SAQ) und tr\u00e4gt das Qualitatssiegel &#8222;Q-Publikation&#8220; der [&hellip;]<\/p>\n","protected":false},"author":1,"featured_media":0,"parent":0,"menu_order":0,"comment_status":"closed","ping_status":"closed","template":"","meta":{"_acf_changed":false,"footnotes":""},"class_list":["post-7","page","type-page","status-publish","hentry"],"acf":[],"yoast_head":"<!-- This site is optimized with the Yoast SEO plugin v26.2 - https:\/\/yoast.com\/wordpress\/plugins\/seo\/ -->\n<title>Mediadaten - MQ Management und Qualit\u00e4t<\/title>\n<meta name=\"robots\" content=\"index, follow, max-snippet:-1, max-image-preview:large, max-video-preview:-1\" \/>\n<link rel=\"canonical\" href=\"https:\/\/www.m-q.ch\/de\/mediadaten\/\" \/>\n<meta property=\"og:locale\" content=\"de_DE\" \/>\n<meta property=\"og:type\" content=\"article\" \/>\n<meta property=\"og:title\" content=\"Mediadaten - MQ Management und Qualit\u00e4t\" \/>\n<meta property=\"og:description\" content=\"Mediadaten MQ Management und Qualit\u00e4t 2023 MQ Management und Qualit\u00e4t 2024 \u00abMQ Management und Qualit\u00e4t\u00bb das Fachmagazin f\u00fcr integrierte Managementsysteme behandelt moderne Managementsysteme in der Praxis, aktuelle Trends im Risiko-, Sicherheits- und Umweltmanagement und Business Excellence. \u00abMQ Management und Qualit\u00e4t\u00bb ist offizielles Publikationsorgan der Swiss Association for Quality (SAQ) und tr\u00e4gt das Qualitatssiegel &#8222;Q-Publikation&#8220; der [&hellip;]\" \/>\n<meta property=\"og:url\" content=\"https:\/\/www.m-q.ch\/de\/mediadaten\/\" \/>\n<meta property=\"og:site_name\" content=\"MQ Management und Qualit\u00e4t\" \/>\n<meta property=\"article:publisher\" content=\"https:\/\/www.facebook.com\/ManagementUndQualitaet\" \/>\n<meta property=\"article:modified_time\" content=\"2023-10-30T08:21:50+00:00\" \/>\n<meta name=\"twitter:card\" content=\"summary_large_image\" \/>\n<meta name=\"twitter:label1\" content=\"Gesch\u00e4tzte Lesezeit\" \/>\n\t<meta name=\"twitter:data1\" content=\"1\u00a0Minute\" \/>\n<script type=\"application\/ld+json\" class=\"yoast-schema-graph\">{\"@context\":\"https:\/\/schema.org\",\"@graph\":[{\"@type\":\"WebPage\",\"@id\":\"https:\/\/www.m-q.ch\/mediadaten\/\",\"url\":\"https:\/\/www.m-q.ch\/mediadaten\/\",\"name\":\"Mediadaten - MQ Management und Qualit\u00e4t\",\"isPartOf\":{\"@id\":\"https:\/\/www.m-q.ch\/fr\/#website\"},\"datePublished\":\"2016-11-29T10:20:46+00:00\",\"dateModified\":\"2023-10-30T08:21:50+00:00\",\"inLanguage\":\"de\",\"potentialAction\":[{\"@type\":\"ReadAction\",\"target\":[\"https:\/\/www.m-q.ch\/mediadaten\/\"]}]},{\"@type\":\"WebSite\",\"@id\":\"https:\/\/www.m-q.ch\/fr\/#website\",\"url\":\"https:\/\/www.m-q.ch\/fr\/\",\"name\":\"MQ Management und Qualit\u00e4t\",\"description\":\"Plattform f\u00fcr integrierte Managementsysteme.\",\"publisher\":{\"@id\":\"https:\/\/www.m-q.ch\/fr\/#organization\"},\"potentialAction\":[{\"@type\":\"SearchAction\",\"target\":{\"@type\":\"EntryPoint\",\"urlTemplate\":\"https:\/\/www.m-q.ch\/fr\/?s={search_term_string}\"},\"query-input\":{\"@type\":\"PropertyValueSpecification\",\"valueRequired\":true,\"valueName\":\"search_term_string\"}}],\"inLanguage\":\"de\"},{\"@type\":\"Organization\",\"@id\":\"https:\/\/www.m-q.ch\/fr\/#organization\",\"name\":\"Galledia Fachmedien AG\",\"url\":\"https:\/\/www.m-q.ch\/fr\/\",\"logo\":{\"@type\":\"ImageObject\",\"inLanguage\":\"de\",\"@id\":\"https:\/\/www.m-q.ch\/fr\/#\/schema\/logo\/image\/\",\"url\":\"https:\/\/www.m-q.ch\/wp-content\/uploads\/2020\/12\/cropped-logo_small.png\",\"contentUrl\":\"https:\/\/www.m-q.ch\/wp-content\/uploads\/2020\/12\/cropped-logo_small.png\",\"width\":512,\"height\":512,\"caption\":\"Galledia Fachmedien AG\"},\"image\":{\"@id\":\"https:\/\/www.m-q.ch\/fr\/#\/schema\/logo\/image\/\"},\"sameAs\":[\"https:\/\/www.facebook.com\/ManagementUndQualitaet\",\"https:\/\/www.linkedin.com\/showcase\/17982321\/admin\/\"]}]}<\/script>\n<!-- \/ Yoast SEO plugin. -->","yoast_head_json":{"title":"Mediadaten - MQ Management und Qualit\u00e4t","robots":{"index":"index","follow":"follow","max-snippet":"max-snippet:-1","max-image-preview":"max-image-preview:large","max-video-preview":"max-video-preview:-1"},"canonical":"https:\/\/www.m-q.ch\/de\/mediadaten\/","og_locale":"de_DE","og_type":"article","og_title":"Mediadaten - MQ Management und Qualit\u00e4t","og_description":"Mediadaten MQ Management und Qualit\u00e4t 2023 MQ Management und Qualit\u00e4t 2024 \u00abMQ Management und Qualit\u00e4t\u00bb das Fachmagazin f\u00fcr integrierte Managementsysteme behandelt moderne Managementsysteme in der Praxis, aktuelle Trends im Risiko-, Sicherheits- und Umweltmanagement und Business Excellence. \u00abMQ Management und Qualit\u00e4t\u00bb ist offizielles Publikationsorgan der Swiss Association for Quality (SAQ) und tr\u00e4gt das Qualitatssiegel &#8222;Q-Publikation&#8220; der [&hellip;]","og_url":"https:\/\/www.m-q.ch\/de\/mediadaten\/","og_site_name":"MQ Management und Qualit\u00e4t","article_publisher":"https:\/\/www.facebook.com\/ManagementUndQualitaet","article_modified_time":"2023-10-30T08:21:50+00:00","twitter_card":"summary_large_image","twitter_misc":{"Gesch\u00e4tzte Lesezeit":"1\u00a0Minute"},"schema":{"@context":"https:\/\/schema.org","@graph":[{"@type":"WebPage","@id":"https:\/\/www.m-q.ch\/mediadaten\/","url":"https:\/\/www.m-q.ch\/mediadaten\/","name":"Mediadaten - MQ Management und Qualit\u00e4t","isPartOf":{"@id":"https:\/\/www.m-q.ch\/fr\/#website"},"datePublished":"2016-11-29T10:20:46+00:00","dateModified":"2023-10-30T08:21:50+00:00","inLanguage":"de","potentialAction":[{"@type":"ReadAction","target":["https:\/\/www.m-q.ch\/mediadaten\/"]}]},{"@type":"WebSite","@id":"https:\/\/www.m-q.ch\/fr\/#website","url":"https:\/\/www.m-q.ch\/fr\/","name":"MQ Management und Qualit\u00e4t","description":"Plattform f\u00fcr integrierte Managementsysteme.","publisher":{"@id":"https:\/\/www.m-q.ch\/fr\/#organization"},"potentialAction":[{"@type":"SearchAction","target":{"@type":"EntryPoint","urlTemplate":"https:\/\/www.m-q.ch\/fr\/?s={search_term_string}"},"query-input":{"@type":"PropertyValueSpecification","valueRequired":true,"valueName":"search_term_string"}}],"inLanguage":"de"},{"@type":"Organization","@id":"https:\/\/www.m-q.ch\/fr\/#organization","name":"Galledia Fachmedien AG","url":"https:\/\/www.m-q.ch\/fr\/","logo":{"@type":"ImageObject","inLanguage":"de","@id":"https:\/\/www.m-q.ch\/fr\/#\/schema\/logo\/image\/","url":"https:\/\/www.m-q.ch\/wp-content\/uploads\/2020\/12\/cropped-logo_small.png","contentUrl":"https:\/\/www.m-q.ch\/wp-content\/uploads\/2020\/12\/cropped-logo_small.png","width":512,"height":512,"caption":"Galledia Fachmedien AG"},"image":{"@id":"https:\/\/www.m-q.ch\/fr\/#\/schema\/logo\/image\/"},"sameAs":["https:\/\/www.facebook.com\/ManagementUndQualitaet","https:\/\/www.linkedin.com\/showcase\/17982321\/admin\/"]}]}},"_links":{"self":[{"href":"https:\/\/www.m-q.ch\/de\/wp-json\/wp\/v2\/pages\/7","targetHints":{"allow":["GET"]}}],"collection":[{"href":"https:\/\/www.m-q.ch\/de\/wp-json\/wp\/v2\/pages"}],"about":[{"href":"https:\/\/www.m-q.ch\/de\/wp-json\/wp\/v2\/types\/page"}],"author":[{"embeddable":true,"href":"https:\/\/www.m-q.ch\/de\/wp-json\/wp\/v2\/users\/1"}],"replies":[{"embeddable":true,"href":"https:\/\/www.m-q.ch\/de\/wp-json\/wp\/v2\/comments?post=7"}],"version-history":[{"count":43,"href":"https:\/\/www.m-q.ch\/de\/wp-json\/wp\/v2\/pages\/7\/revisions"}],"predecessor-version":[{"id":18807,"href":"https:\/\/www.m-q.ch\/de\/wp-json\/wp\/v2\/pages\/7\/revisions\/18807"}],"wp:attachment":[{"href":"https:\/\/www.m-q.ch\/de\/wp-json\/wp\/v2\/media?parent=7"}],"curies":[{"name":"wp","href":"https:\/\/api.w.org\/{rel}","templated":true}]}}