{"id":13813,"date":"2021-03-19T16:07:06","date_gmt":"2021-03-19T15:07:06","guid":{"rendered":"https:\/\/www.m-q.ch\/?post_type=product&#038;p=13813"},"modified":"2021-11-01T12:17:52","modified_gmt":"2021-11-01T11:17:52","slug":"issue-11-12-1997","status":"publish","type":"product","link":"https:\/\/www.m-q.ch\/en\/product\/issue-11-12-1997\/","title":{"rendered":"Issue 11-12\/1997"},"content":{"rendered":"<h2>Economy<\/h2>\n<p><strong>ESPRIX Swiss Quality Award for Business Excelience<\/strong><br \/>\nHans Rudolf Gygax<\/p>\n<h2>Topic of the month<\/h2>\n<p><strong>\"Risk capitai is not the only thing a young entrepreneur needs\"<\/strong><br \/>\nInterview with Dr. h.c. Branco Weiss<\/p>\n<p><strong>Tips for setting up a QM system in management consultancy<\/strong><br \/>\nMarkus A. Angst<\/p>\n<h2>Current<\/h2>\n<p>Editorial<\/p>\n<p>Retrieved<\/p>\n<p>Congress hotels<\/p>\n<p>Bucher<\/p>\n<p>Your partner for quality<\/p>\n<p>Preview<\/p>\n<p>Imprint<\/p>\n<p>Advertiser Directory<\/p>\n<h2>Magazine<\/h2>\n<p>SAQ Events<\/p>\n<p>SQQ courses and seminars:<\/p>\n<p>last minute<\/p>\n<p>The first TQM coaches<\/p>\n<p>General overview<\/p>\n<p>Alliance partner<\/p>\n<p>SAQ Publications<\/p>\n<p>Jobs<\/p>\n<p>Q-International<\/p>\n<h2>Process cost accounting<\/h2>\n<p><strong>Controlling using the example of order processing in the construction industry<\/strong><br \/>\nRalph Heise<\/p>\n<h2>Strategy &amp; Organization<\/h2>\n<p><strong>MOTION allows quantum leaps In a TQM culture<\/strong><br \/>\nG\u00fcnther Schuh, Mathias M\u00fcller, L\u00fcder Tockenb\u00fcrger<\/p>\n<h2>Core processes<\/h2>\n<p><strong>Quality in the law office<\/strong><br \/>\nLeo Dust<\/p>\n<h2>Implementation<\/h2>\n<p><strong>Action Q: Quality and change management at ETH Zurich<\/strong><br \/>\nAlfred Scheidegger, Oliver Strohm<\/p>","protected":false},"excerpt":{"rendered":"<p>Receive the German-language trade journal \"MQ Management &amp; Qualit\u00e4t\" in the <span data-sheets-value=\"{&quot;1&quot;:2,&quot;2&quot;:&quot;Ausgabe 11-12\/1997&quot;}\" data-sheets-userformat=\"{&quot;2&quot;:15277,&quot;3&quot;:{&quot;1&quot;:0},&quot;5&quot;:{&quot;1&quot;:[{&quot;1&quot;:2,&quot;2&quot;:0,&quot;5&quot;:[null,2,0]},{&quot;1&quot;:0,&quot;2&quot;:0,&quot;3&quot;:3},{&quot;1&quot;:1,&quot;2&quot;:0,&quot;4&quot;:1}]},&quot;6&quot;:{&quot;1&quot;:[{&quot;1&quot;:2,&quot;2&quot;:0,&quot;5&quot;:[null,2,0]},{&quot;1&quot;:0,&quot;2&quot;:0,&quot;3&quot;:3},{&quot;1&quot;:1,&quot;2&quot;:0,&quot;4&quot;:1}]},&quot;8&quot;:{&quot;1&quot;:[{&quot;1&quot;:2,&quot;2&quot;:0,&quot;5&quot;:[null,2,0]},{&quot;1&quot;:0,&quot;2&quot;:0,&quot;3&quot;:3},{&quot;1&quot;:1,&quot;2&quot;:0,&quot;4&quot;:1}]},&quot;10&quot;:2,&quot;11&quot;:0,&quot;12&quot;:0,&quot;14&quot;:[null,2,0],&quot;15&quot;:&quot;Calibri, sans-serif&quot;,&quot;16&quot;:12}\">Issue 11-12\/1997<\/span> as a PDF download with the following table of contents:<\/p>","protected":false},"featured_media":13827,"comment_status":"open","ping_status":"closed","template":"","meta":{"_acf_changed":false},"product_brand":[],"product_cat":[4441],"product_tag":[4863],"class_list":{"0":"post-13813","1":"product","2":"type-product","3":"status-publish","4":"has-post-thumbnail","6":"product_cat-einzelausgaben","7":"product_tag-4863","9":"first","10":"instock","11":"downloadable","12":"virtual","13":"taxable","14":"purchasable","15":"product-type-simple"},"acf":[],"yoast_head":"<!-- This site is optimized with the Yoast SEO plugin v26.2 - https:\/\/yoast.com\/wordpress\/plugins\/seo\/ -->\n<title>Ausgabe 11-12\/1997 - MQ Management und Qualit\u00e4t<\/title>\n<meta name=\"description\" content=\"Erhalte die deutschsprachige Fachzeitschrift \u00abMQ Management &amp; Qualit\u00e4t\u00bb in der Ausgabe 11-12\/1997 als PDF-Download mit nachfolgendem Inhaltsverzeichnis:\" \/>\n<meta name=\"robots\" content=\"index, follow, max-snippet:-1, max-image-preview:large, max-video-preview:-1\" \/>\n<link rel=\"canonical\" href=\"https:\/\/www.m-q.ch\/en\/product\/issue-11-12-1997\/\" \/>\n<meta property=\"og:locale\" content=\"en_US\" \/>\n<meta property=\"og:type\" content=\"article\" \/>\n<meta property=\"og:title\" content=\"Ausgabe 11-12\/1997 - MQ Management und Qualit\u00e4t\" \/>\n<meta property=\"og:description\" content=\"Erhalte die deutschsprachige Fachzeitschrift \u00abMQ Management &amp; Qualit\u00e4t\u00bb in der Ausgabe 11-12\/1997 als PDF-Download mit nachfolgendem Inhaltsverzeichnis:\" \/>\n<meta property=\"og:url\" content=\"https:\/\/www.m-q.ch\/en\/product\/issue-11-12-1997\/\" \/>\n<meta property=\"og:site_name\" content=\"MQ Management und Qualit\u00e4t\" \/>\n<meta property=\"article:publisher\" content=\"https:\/\/www.facebook.com\/ManagementUndQualitaet\" \/>\n<meta property=\"article:modified_time\" content=\"2021-11-01T11:17:52+00:00\" \/>\n<meta property=\"og:image\" content=\"https:\/\/www.m-q.ch\/wp-content\/uploads\/2021\/03\/mq_1997_11-12.png\" \/>\n\t<meta property=\"og:image:width\" content=\"654\" \/>\n\t<meta property=\"og:image:height\" content=\"370\" \/>\n\t<meta property=\"og:image:type\" content=\"image\/png\" \/>\n<meta name=\"twitter:card\" content=\"summary_large_image\" \/>\n<meta name=\"twitter:label1\" content=\"Est. reading time\" \/>\n\t<meta name=\"twitter:data1\" content=\"1 minute\" \/>\n<script type=\"application\/ld+json\" class=\"yoast-schema-graph\">{\"@context\":\"https:\/\/schema.org\",\"@graph\":[{\"@type\":\"WebPage\",\"@id\":\"https:\/\/www.m-q.ch\/fr\/produit\/numero-11-12-1997\/\",\"url\":\"https:\/\/www.m-q.ch\/fr\/produit\/numero-11-12-1997\/\",\"name\":\"Ausgabe 11-12\/1997 - MQ Management und Qualit\u00e4t\",\"isPartOf\":{\"@id\":\"https:\/\/www.m-q.ch\/fr\/#website\"},\"primaryImageOfPage\":{\"@id\":\"https:\/\/www.m-q.ch\/fr\/produit\/numero-11-12-1997\/#primaryimage\"},\"image\":{\"@id\":\"https:\/\/www.m-q.ch\/fr\/produit\/numero-11-12-1997\/#primaryimage\"},\"thumbnailUrl\":\"https:\/\/www.m-q.ch\/wp-content\/uploads\/2021\/03\/mq_1997_11-12.png\",\"datePublished\":\"2021-03-19T15:07:06+00:00\",\"dateModified\":\"2021-11-01T11:17:52+00:00\",\"description\":\"Erhalte die deutschsprachige Fachzeitschrift \u00abMQ Management & Qualit\u00e4t\u00bb in der Ausgabe 11-12\/1997 als PDF-Download mit nachfolgendem Inhaltsverzeichnis:\",\"breadcrumb\":{\"@id\":\"https:\/\/www.m-q.ch\/fr\/produit\/numero-11-12-1997\/#breadcrumb\"},\"inLanguage\":\"en-US\",\"potentialAction\":[{\"@type\":\"ReadAction\",\"target\":[\"https:\/\/www.m-q.ch\/fr\/produit\/numero-11-12-1997\/\"]}]},{\"@type\":\"ImageObject\",\"inLanguage\":\"en-US\",\"@id\":\"https:\/\/www.m-q.ch\/fr\/produit\/numero-11-12-1997\/#primaryimage\",\"url\":\"https:\/\/www.m-q.ch\/wp-content\/uploads\/2021\/03\/mq_1997_11-12.png\",\"contentUrl\":\"https:\/\/www.m-q.ch\/wp-content\/uploads\/2021\/03\/mq_1997_11-12.png\",\"width\":654,\"height\":370},{\"@type\":\"BreadcrumbList\",\"@id\":\"https:\/\/www.m-q.ch\/fr\/produit\/numero-11-12-1997\/#breadcrumb\",\"itemListElement\":[{\"@type\":\"ListItem\",\"position\":1,\"name\":\"Shop\",\"item\":\"https:\/\/www.m-q.ch\/de\/shop\/\"},{\"@type\":\"ListItem\",\"position\":2,\"name\":\"Einzelausgaben\",\"item\":\"https:\/\/www.m-q.ch\/de\/produkt-kategorie\/einzelausgaben\/\"},{\"@type\":\"ListItem\",\"position\":3,\"name\":\"Ausgabe 11-12\/1997\"}]},{\"@type\":\"WebSite\",\"@id\":\"https:\/\/www.m-q.ch\/fr\/#website\",\"url\":\"https:\/\/www.m-q.ch\/fr\/\",\"name\":\"MQ Management und Qualit\u00e4t\",\"description\":\"Plattform f\u00fcr integrierte Managementsysteme.\",\"publisher\":{\"@id\":\"https:\/\/www.m-q.ch\/fr\/#organization\"},\"potentialAction\":[{\"@type\":\"SearchAction\",\"target\":{\"@type\":\"EntryPoint\",\"urlTemplate\":\"https:\/\/www.m-q.ch\/fr\/?s={search_term_string}\"},\"query-input\":{\"@type\":\"PropertyValueSpecification\",\"valueRequired\":true,\"valueName\":\"search_term_string\"}}],\"inLanguage\":\"en-US\"},{\"@type\":\"Organization\",\"@id\":\"https:\/\/www.m-q.ch\/fr\/#organization\",\"name\":\"Galledia Fachmedien AG\",\"url\":\"https:\/\/www.m-q.ch\/fr\/\",\"logo\":{\"@type\":\"ImageObject\",\"inLanguage\":\"en-US\",\"@id\":\"https:\/\/www.m-q.ch\/fr\/#\/schema\/logo\/image\/\",\"url\":\"https:\/\/www.m-q.ch\/wp-content\/uploads\/2020\/12\/cropped-logo_small.png\",\"contentUrl\":\"https:\/\/www.m-q.ch\/wp-content\/uploads\/2020\/12\/cropped-logo_small.png\",\"width\":512,\"height\":512,\"caption\":\"Galledia Fachmedien AG\"},\"image\":{\"@id\":\"https:\/\/www.m-q.ch\/fr\/#\/schema\/logo\/image\/\"},\"sameAs\":[\"https:\/\/www.facebook.com\/ManagementUndQualitaet\",\"https:\/\/www.linkedin.com\/showcase\/17982321\/admin\/\"]}]}<\/script>\n<!-- \/ Yoast SEO plugin. -->","yoast_head_json":{"title":"Issue 11-12\/1997 - MQ Management and Quality","description":"Receive the German-language trade journal \"MQ Management &amp; Qualit\u00e4t\" in the issue 11-12\/1997 as a PDF download with the following table of contents:","robots":{"index":"index","follow":"follow","max-snippet":"max-snippet:-1","max-image-preview":"max-image-preview:large","max-video-preview":"max-video-preview:-1"},"canonical":"https:\/\/www.m-q.ch\/en\/product\/issue-11-12-1997\/","og_locale":"en_US","og_type":"article","og_title":"Ausgabe 11-12\/1997 - MQ Management und Qualit\u00e4t","og_description":"Erhalte die deutschsprachige Fachzeitschrift \u00abMQ Management & Qualit\u00e4t\u00bb in der Ausgabe 11-12\/1997 als PDF-Download mit nachfolgendem Inhaltsverzeichnis:","og_url":"https:\/\/www.m-q.ch\/en\/product\/issue-11-12-1997\/","og_site_name":"MQ Management und Qualit\u00e4t","article_publisher":"https:\/\/www.facebook.com\/ManagementUndQualitaet","article_modified_time":"2021-11-01T11:17:52+00:00","og_image":[{"width":654,"height":370,"url":"https:\/\/www.m-q.ch\/wp-content\/uploads\/2021\/03\/mq_1997_11-12.png","type":"image\/png"}],"twitter_card":"summary_large_image","twitter_misc":{"Est. reading time":"1 minute"},"schema":{"@context":"https:\/\/schema.org","@graph":[{"@type":"WebPage","@id":"https:\/\/www.m-q.ch\/fr\/produit\/numero-11-12-1997\/","url":"https:\/\/www.m-q.ch\/fr\/produit\/numero-11-12-1997\/","name":"Issue 11-12\/1997 - MQ Management and Quality","isPartOf":{"@id":"https:\/\/www.m-q.ch\/fr\/#website"},"primaryImageOfPage":{"@id":"https:\/\/www.m-q.ch\/fr\/produit\/numero-11-12-1997\/#primaryimage"},"image":{"@id":"https:\/\/www.m-q.ch\/fr\/produit\/numero-11-12-1997\/#primaryimage"},"thumbnailUrl":"https:\/\/www.m-q.ch\/wp-content\/uploads\/2021\/03\/mq_1997_11-12.png","datePublished":"2021-03-19T15:07:06+00:00","dateModified":"2021-11-01T11:17:52+00:00","description":"Receive the German-language trade journal \"MQ Management &amp; Qualit\u00e4t\" in the issue 11-12\/1997 as a PDF download with the following table of contents:","breadcrumb":{"@id":"https:\/\/www.m-q.ch\/fr\/produit\/numero-11-12-1997\/#breadcrumb"},"inLanguage":"en-US","potentialAction":[{"@type":"ReadAction","target":["https:\/\/www.m-q.ch\/fr\/produit\/numero-11-12-1997\/"]}]},{"@type":"ImageObject","inLanguage":"en-US","@id":"https:\/\/www.m-q.ch\/fr\/produit\/numero-11-12-1997\/#primaryimage","url":"https:\/\/www.m-q.ch\/wp-content\/uploads\/2021\/03\/mq_1997_11-12.png","contentUrl":"https:\/\/www.m-q.ch\/wp-content\/uploads\/2021\/03\/mq_1997_11-12.png","width":654,"height":370},{"@type":"BreadcrumbList","@id":"https:\/\/www.m-q.ch\/fr\/produit\/numero-11-12-1997\/#breadcrumb","itemListElement":[{"@type":"ListItem","position":1,"name":"Shop","item":"https:\/\/www.m-q.ch\/de\/shop\/"},{"@type":"ListItem","position":2,"name":"Einzelausgaben","item":"https:\/\/www.m-q.ch\/de\/produkt-kategorie\/einzelausgaben\/"},{"@type":"ListItem","position":3,"name":"Ausgabe 11-12\/1997"}]},{"@type":"WebSite","@id":"https:\/\/www.m-q.ch\/fr\/#website","url":"https:\/\/www.m-q.ch\/fr\/","name":"MQ Management and Quality","description":"Platform for integrated management systems.","publisher":{"@id":"https:\/\/www.m-q.ch\/fr\/#organization"},"potentialAction":[{"@type":"SearchAction","target":{"@type":"EntryPoint","urlTemplate":"https:\/\/www.m-q.ch\/fr\/?s={search_term_string}"},"query-input":{"@type":"PropertyValueSpecification","valueRequired":true,"valueName":"search_term_string"}}],"inLanguage":"en-US"},{"@type":"Organization","@id":"https:\/\/www.m-q.ch\/fr\/#organization","name":"Galledia Trade Media AG","url":"https:\/\/www.m-q.ch\/fr\/","logo":{"@type":"ImageObject","inLanguage":"en-US","@id":"https:\/\/www.m-q.ch\/fr\/#\/schema\/logo\/image\/","url":"https:\/\/www.m-q.ch\/wp-content\/uploads\/2020\/12\/cropped-logo_small.png","contentUrl":"https:\/\/www.m-q.ch\/wp-content\/uploads\/2020\/12\/cropped-logo_small.png","width":512,"height":512,"caption":"Galledia Fachmedien AG"},"image":{"@id":"https:\/\/www.m-q.ch\/fr\/#\/schema\/logo\/image\/"},"sameAs":["https:\/\/www.facebook.com\/ManagementUndQualitaet","https:\/\/www.linkedin.com\/showcase\/17982321\/admin\/"]}]}},"_links":{"self":[{"href":"https:\/\/www.m-q.ch\/en\/wp-json\/wp\/v2\/product\/13813","targetHints":{"allow":["GET"]}}],"collection":[{"href":"https:\/\/www.m-q.ch\/en\/wp-json\/wp\/v2\/product"}],"about":[{"href":"https:\/\/www.m-q.ch\/en\/wp-json\/wp\/v2\/types\/product"}],"replies":[{"embeddable":true,"href":"https:\/\/www.m-q.ch\/en\/wp-json\/wp\/v2\/comments?post=13813"}],"wp:featuredmedia":[{"embeddable":true,"href":"https:\/\/www.m-q.ch\/en\/wp-json\/wp\/v2\/media\/13827"}],"wp:attachment":[{"href":"https:\/\/www.m-q.ch\/en\/wp-json\/wp\/v2\/media?parent=13813"}],"wp:term":[{"taxonomy":"product_brand","embeddable":true,"href":"https:\/\/www.m-q.ch\/en\/wp-json\/wp\/v2\/product_brand?post=13813"},{"taxonomy":"product_cat","embeddable":true,"href":"https:\/\/www.m-q.ch\/en\/wp-json\/wp\/v2\/product_cat?post=13813"},{"taxonomy":"product_tag","embeddable":true,"href":"https:\/\/www.m-q.ch\/en\/wp-json\/wp\/v2\/product_tag?post=13813"}],"curies":[{"name":"wp","href":"https:\/\/api.w.org\/{rel}","templated":true}]}}