{"id":13815,"date":"2021-03-19T16:07:11","date_gmt":"2021-03-19T15:07:11","guid":{"rendered":"https:\/\/www.m-q.ch\/?post_type=product&#038;p=13815"},"modified":"2021-11-01T12:16:05","modified_gmt":"2021-11-01T11:16:05","slug":"issue-9-1997","status":"publish","type":"product","link":"https:\/\/www.m-q.ch\/en\/product\/issue-9-1997\/","title":{"rendered":"Issue 9\/1997"},"content":{"rendered":"<h2>Economy<\/h2>\n<p><strong>Economy and quality<\/strong><br \/>\nHans Dieter Seghezzi<\/p>\n<p><strong>Logistical partnerships in Switzerland<\/strong><br \/>\nFabio Frigo-Mosca<\/p>\n<h2>Topic of the month<\/h2>\n<p><strong>How a Swiss company ensures quality for the railways in Hong Kong<\/strong><br \/>\nBernhard H. Huber<\/p>\n<p><strong>Quality in logistics<\/strong><br \/>\nRoman Boutellier<\/p>\n<h2>Current<\/h2>\n<p>Editorial<\/p>\n<p>Advertorial<\/p>\n<p>Dossier: Orbit 97<\/p>\n<p>SAQ Annual Meeting<\/p>\n<p>ASPQ: Assembl\u00e9e g\u00e9n\u00e9rale<\/p>\n<p>ASPQ: Assemblea annuale<\/p>\n<p>Conference hotels<\/p>\n<p>Retrieved<\/p>\n<p>Preview<\/p>\n<p>Imprint<\/p>\n<p>Advertiser Directory<\/p>\n<h2>Strategy &amp; Organization<\/h2>\n<p><strong>How does a transport association of 11 companies ensure quality?<\/strong><br \/>\nChristoph Tschanz<\/p>\n<p><strong>Optimization of logistics through partnership with the supplier<\/strong><br \/>\nPeter Kobler<\/p>\n<h2>Core processes<\/h2>\n<p><strong>Concrete success with intelligent C-parts logistics<\/strong><br \/>\nRolf Z\u00fcllig<\/p>\n<h2>Implementation<\/h2>\n<p><strong>Also at SBB: Customer orientation only works through employee orientation<\/strong><br \/>\nHannes Wittwer<\/p>\n<h2>Magazine<\/h2>\n<p>SAQ Events<\/p>\n<p>Q-international<\/p>\n<p>SAQ: New alliance partners<\/p>\n<p>SAQ courses and seminars: Last Minute<\/p>\n<p>SAQ courses and seminars: Complete overview<\/p>\n<p>SAQ Publications<\/p>\n<p>Your partner for quality<\/p>\n<p>Jobs<\/p>","protected":false},"excerpt":{"rendered":"<p>Receive the German-language trade journal \"MQ Management &amp; Qualit\u00e4t\", issue 9\/1997, as a PDF download with the following table of contents:<\/p>","protected":false},"featured_media":13825,"comment_status":"open","ping_status":"closed","template":"","meta":{"_acf_changed":false},"product_brand":[],"product_cat":[4441],"product_tag":[4863],"class_list":{"0":"post-13815","1":"product","2":"type-product","3":"status-publish","4":"has-post-thumbnail","6":"product_cat-einzelausgaben","7":"product_tag-4863","9":"first","10":"instock","11":"downloadable","12":"virtual","13":"taxable","14":"purchasable","15":"product-type-simple"},"acf":[],"yoast_head":"<!-- This site is optimized with the Yoast SEO plugin v26.2 - https:\/\/yoast.com\/wordpress\/plugins\/seo\/ -->\n<title>Ausgabe 9\/1997 - MQ Management und Qualit\u00e4t<\/title>\n<meta name=\"description\" content=\"Erhalte die deutschsprachige Fachzeitschrift \u00abMQ Management &amp; Qualit\u00e4t\u00bb in der Ausgabe 9\/1997 als PDF-Download mit nachfolgendem Inhaltsverzeichnis:\" \/>\n<meta name=\"robots\" content=\"index, follow, max-snippet:-1, max-image-preview:large, max-video-preview:-1\" \/>\n<link rel=\"canonical\" href=\"https:\/\/www.m-q.ch\/en\/product\/issue-9-1997\/\" \/>\n<meta property=\"og:locale\" content=\"en_US\" \/>\n<meta property=\"og:type\" content=\"article\" \/>\n<meta property=\"og:title\" content=\"Ausgabe 9\/1997 - MQ Management und Qualit\u00e4t\" \/>\n<meta property=\"og:description\" content=\"Erhalte die deutschsprachige Fachzeitschrift \u00abMQ Management &amp; Qualit\u00e4t\u00bb in der Ausgabe 9\/1997 als PDF-Download mit nachfolgendem Inhaltsverzeichnis:\" \/>\n<meta property=\"og:url\" content=\"https:\/\/www.m-q.ch\/en\/product\/issue-9-1997\/\" \/>\n<meta property=\"og:site_name\" content=\"MQ Management und Qualit\u00e4t\" \/>\n<meta property=\"article:publisher\" content=\"https:\/\/www.facebook.com\/ManagementUndQualitaet\" \/>\n<meta property=\"article:modified_time\" content=\"2021-11-01T11:16:05+00:00\" \/>\n<meta property=\"og:image\" content=\"https:\/\/www.m-q.ch\/wp-content\/uploads\/2021\/03\/mq_1997_9.png\" \/>\n\t<meta property=\"og:image:width\" content=\"654\" \/>\n\t<meta property=\"og:image:height\" content=\"370\" \/>\n\t<meta property=\"og:image:type\" content=\"image\/png\" \/>\n<meta name=\"twitter:card\" content=\"summary_large_image\" \/>\n<meta name=\"twitter:label1\" content=\"Est. reading time\" \/>\n\t<meta name=\"twitter:data1\" content=\"1 minute\" \/>\n<script type=\"application\/ld+json\" class=\"yoast-schema-graph\">{\"@context\":\"https:\/\/schema.org\",\"@graph\":[{\"@type\":\"WebPage\",\"@id\":\"https:\/\/www.m-q.ch\/de\/produkt\/ausgabe-9-1997\/\",\"url\":\"https:\/\/www.m-q.ch\/de\/produkt\/ausgabe-9-1997\/\",\"name\":\"Ausgabe 9\/1997 - MQ Management und Qualit\u00e4t\",\"isPartOf\":{\"@id\":\"https:\/\/www.m-q.ch\/fr\/#website\"},\"primaryImageOfPage\":{\"@id\":\"https:\/\/www.m-q.ch\/de\/produkt\/ausgabe-9-1997\/#primaryimage\"},\"image\":{\"@id\":\"https:\/\/www.m-q.ch\/de\/produkt\/ausgabe-9-1997\/#primaryimage\"},\"thumbnailUrl\":\"https:\/\/www.m-q.ch\/wp-content\/uploads\/2021\/03\/mq_1997_9.png\",\"datePublished\":\"2021-03-19T15:07:11+00:00\",\"dateModified\":\"2021-11-01T11:16:05+00:00\",\"description\":\"Erhalte die deutschsprachige Fachzeitschrift \u00abMQ Management & Qualit\u00e4t\u00bb in der Ausgabe 9\/1997 als PDF-Download mit nachfolgendem Inhaltsverzeichnis:\",\"breadcrumb\":{\"@id\":\"https:\/\/www.m-q.ch\/de\/produkt\/ausgabe-9-1997\/#breadcrumb\"},\"inLanguage\":\"en-US\",\"potentialAction\":[{\"@type\":\"ReadAction\",\"target\":[\"https:\/\/www.m-q.ch\/de\/produkt\/ausgabe-9-1997\/\"]}]},{\"@type\":\"ImageObject\",\"inLanguage\":\"en-US\",\"@id\":\"https:\/\/www.m-q.ch\/de\/produkt\/ausgabe-9-1997\/#primaryimage\",\"url\":\"https:\/\/www.m-q.ch\/wp-content\/uploads\/2021\/03\/mq_1997_9.png\",\"contentUrl\":\"https:\/\/www.m-q.ch\/wp-content\/uploads\/2021\/03\/mq_1997_9.png\",\"width\":654,\"height\":370},{\"@type\":\"BreadcrumbList\",\"@id\":\"https:\/\/www.m-q.ch\/de\/produkt\/ausgabe-9-1997\/#breadcrumb\",\"itemListElement\":[{\"@type\":\"ListItem\",\"position\":1,\"name\":\"Shop\",\"item\":\"https:\/\/www.m-q.ch\/de\/shop\/\"},{\"@type\":\"ListItem\",\"position\":2,\"name\":\"Einzelausgaben\",\"item\":\"https:\/\/www.m-q.ch\/de\/produkt-kategorie\/einzelausgaben\/\"},{\"@type\":\"ListItem\",\"position\":3,\"name\":\"Ausgabe 9\/1997\"}]},{\"@type\":\"WebSite\",\"@id\":\"https:\/\/www.m-q.ch\/fr\/#website\",\"url\":\"https:\/\/www.m-q.ch\/fr\/\",\"name\":\"MQ Management und Qualit\u00e4t\",\"description\":\"Plattform f\u00fcr integrierte Managementsysteme.\",\"publisher\":{\"@id\":\"https:\/\/www.m-q.ch\/fr\/#organization\"},\"potentialAction\":[{\"@type\":\"SearchAction\",\"target\":{\"@type\":\"EntryPoint\",\"urlTemplate\":\"https:\/\/www.m-q.ch\/fr\/?s={search_term_string}\"},\"query-input\":{\"@type\":\"PropertyValueSpecification\",\"valueRequired\":true,\"valueName\":\"search_term_string\"}}],\"inLanguage\":\"en-US\"},{\"@type\":\"Organization\",\"@id\":\"https:\/\/www.m-q.ch\/fr\/#organization\",\"name\":\"Galledia Fachmedien AG\",\"url\":\"https:\/\/www.m-q.ch\/fr\/\",\"logo\":{\"@type\":\"ImageObject\",\"inLanguage\":\"en-US\",\"@id\":\"https:\/\/www.m-q.ch\/fr\/#\/schema\/logo\/image\/\",\"url\":\"https:\/\/www.m-q.ch\/wp-content\/uploads\/2020\/12\/cropped-logo_small.png\",\"contentUrl\":\"https:\/\/www.m-q.ch\/wp-content\/uploads\/2020\/12\/cropped-logo_small.png\",\"width\":512,\"height\":512,\"caption\":\"Galledia Fachmedien AG\"},\"image\":{\"@id\":\"https:\/\/www.m-q.ch\/fr\/#\/schema\/logo\/image\/\"},\"sameAs\":[\"https:\/\/www.facebook.com\/ManagementUndQualitaet\",\"https:\/\/www.linkedin.com\/showcase\/17982321\/admin\/\"]}]}<\/script>\n<!-- \/ Yoast SEO plugin. -->","yoast_head_json":{"title":"Issue 9\/1997 - MQ Management and Quality","description":"Receive the German-language trade journal \"MQ Management &amp; Qualit\u00e4t\", issue 9\/1997, as a PDF download with the following table of contents:","robots":{"index":"index","follow":"follow","max-snippet":"max-snippet:-1","max-image-preview":"max-image-preview:large","max-video-preview":"max-video-preview:-1"},"canonical":"https:\/\/www.m-q.ch\/en\/product\/issue-9-1997\/","og_locale":"en_US","og_type":"article","og_title":"Ausgabe 9\/1997 - MQ Management und Qualit\u00e4t","og_description":"Erhalte die deutschsprachige Fachzeitschrift \u00abMQ Management & Qualit\u00e4t\u00bb in der Ausgabe 9\/1997 als PDF-Download mit nachfolgendem Inhaltsverzeichnis:","og_url":"https:\/\/www.m-q.ch\/en\/product\/issue-9-1997\/","og_site_name":"MQ Management und Qualit\u00e4t","article_publisher":"https:\/\/www.facebook.com\/ManagementUndQualitaet","article_modified_time":"2021-11-01T11:16:05+00:00","og_image":[{"width":654,"height":370,"url":"https:\/\/www.m-q.ch\/wp-content\/uploads\/2021\/03\/mq_1997_9.png","type":"image\/png"}],"twitter_card":"summary_large_image","twitter_misc":{"Est. reading time":"1 minute"},"schema":{"@context":"https:\/\/schema.org","@graph":[{"@type":"WebPage","@id":"https:\/\/www.m-q.ch\/de\/produkt\/ausgabe-9-1997\/","url":"https:\/\/www.m-q.ch\/de\/produkt\/ausgabe-9-1997\/","name":"Issue 9\/1997 - MQ Management and Quality","isPartOf":{"@id":"https:\/\/www.m-q.ch\/fr\/#website"},"primaryImageOfPage":{"@id":"https:\/\/www.m-q.ch\/de\/produkt\/ausgabe-9-1997\/#primaryimage"},"image":{"@id":"https:\/\/www.m-q.ch\/de\/produkt\/ausgabe-9-1997\/#primaryimage"},"thumbnailUrl":"https:\/\/www.m-q.ch\/wp-content\/uploads\/2021\/03\/mq_1997_9.png","datePublished":"2021-03-19T15:07:11+00:00","dateModified":"2021-11-01T11:16:05+00:00","description":"Receive the German-language trade journal \"MQ Management &amp; Qualit\u00e4t\", issue 9\/1997, as a PDF download with the following table of contents:","breadcrumb":{"@id":"https:\/\/www.m-q.ch\/de\/produkt\/ausgabe-9-1997\/#breadcrumb"},"inLanguage":"en-US","potentialAction":[{"@type":"ReadAction","target":["https:\/\/www.m-q.ch\/de\/produkt\/ausgabe-9-1997\/"]}]},{"@type":"ImageObject","inLanguage":"en-US","@id":"https:\/\/www.m-q.ch\/de\/produkt\/ausgabe-9-1997\/#primaryimage","url":"https:\/\/www.m-q.ch\/wp-content\/uploads\/2021\/03\/mq_1997_9.png","contentUrl":"https:\/\/www.m-q.ch\/wp-content\/uploads\/2021\/03\/mq_1997_9.png","width":654,"height":370},{"@type":"BreadcrumbList","@id":"https:\/\/www.m-q.ch\/de\/produkt\/ausgabe-9-1997\/#breadcrumb","itemListElement":[{"@type":"ListItem","position":1,"name":"Shop","item":"https:\/\/www.m-q.ch\/de\/shop\/"},{"@type":"ListItem","position":2,"name":"Einzelausgaben","item":"https:\/\/www.m-q.ch\/de\/produkt-kategorie\/einzelausgaben\/"},{"@type":"ListItem","position":3,"name":"Ausgabe 9\/1997"}]},{"@type":"WebSite","@id":"https:\/\/www.m-q.ch\/fr\/#website","url":"https:\/\/www.m-q.ch\/fr\/","name":"MQ Management and Quality","description":"Platform for integrated management systems.","publisher":{"@id":"https:\/\/www.m-q.ch\/fr\/#organization"},"potentialAction":[{"@type":"SearchAction","target":{"@type":"EntryPoint","urlTemplate":"https:\/\/www.m-q.ch\/fr\/?s={search_term_string}"},"query-input":{"@type":"PropertyValueSpecification","valueRequired":true,"valueName":"search_term_string"}}],"inLanguage":"en-US"},{"@type":"Organization","@id":"https:\/\/www.m-q.ch\/fr\/#organization","name":"Galledia Trade Media AG","url":"https:\/\/www.m-q.ch\/fr\/","logo":{"@type":"ImageObject","inLanguage":"en-US","@id":"https:\/\/www.m-q.ch\/fr\/#\/schema\/logo\/image\/","url":"https:\/\/www.m-q.ch\/wp-content\/uploads\/2020\/12\/cropped-logo_small.png","contentUrl":"https:\/\/www.m-q.ch\/wp-content\/uploads\/2020\/12\/cropped-logo_small.png","width":512,"height":512,"caption":"Galledia Fachmedien AG"},"image":{"@id":"https:\/\/www.m-q.ch\/fr\/#\/schema\/logo\/image\/"},"sameAs":["https:\/\/www.facebook.com\/ManagementUndQualitaet","https:\/\/www.linkedin.com\/showcase\/17982321\/admin\/"]}]}},"_links":{"self":[{"href":"https:\/\/www.m-q.ch\/en\/wp-json\/wp\/v2\/product\/13815","targetHints":{"allow":["GET"]}}],"collection":[{"href":"https:\/\/www.m-q.ch\/en\/wp-json\/wp\/v2\/product"}],"about":[{"href":"https:\/\/www.m-q.ch\/en\/wp-json\/wp\/v2\/types\/product"}],"replies":[{"embeddable":true,"href":"https:\/\/www.m-q.ch\/en\/wp-json\/wp\/v2\/comments?post=13815"}],"wp:featuredmedia":[{"embeddable":true,"href":"https:\/\/www.m-q.ch\/en\/wp-json\/wp\/v2\/media\/13825"}],"wp:attachment":[{"href":"https:\/\/www.m-q.ch\/en\/wp-json\/wp\/v2\/media?parent=13815"}],"wp:term":[{"taxonomy":"product_brand","embeddable":true,"href":"https:\/\/www.m-q.ch\/en\/wp-json\/wp\/v2\/product_brand?post=13815"},{"taxonomy":"product_cat","embeddable":true,"href":"https:\/\/www.m-q.ch\/en\/wp-json\/wp\/v2\/product_cat?post=13815"},{"taxonomy":"product_tag","embeddable":true,"href":"https:\/\/www.m-q.ch\/en\/wp-json\/wp\/v2\/product_tag?post=13815"}],"curies":[{"name":"wp","href":"https:\/\/api.w.org\/{rel}","templated":true}]}}