{"id":7,"date":"2016-11-29T11:20:46","date_gmt":"2016-11-29T10:20:46","guid":{"rendered":"http:\/\/devverlag.galledia.ch\/?page_id=7"},"modified":"2023-10-30T09:21:50","modified_gmt":"2023-10-30T08:21:50","slug":"donnees-sur-les-medias","status":"publish","type":"page","link":"https:\/\/www.m-q.ch\/fr\/mediadaten\/","title":{"rendered":"Donn\u00e9es sur les m\u00e9dias"},"content":{"rendered":"<p><strong>Donn\u00e9es sur les m\u00e9dias<\/strong><\/p>\n<p><a href=\"https:\/\/www.m-q.ch\/wp-content\/uploads\/2023\/03\/MQ-Management-Qualitaet_Mediadaten-2023.pdf\">MQ Gestion et qualit\u00e9 2023<\/a><\/p>\n<p><a href=\"https:\/\/www.fachmedien.ch\/portfolio\/management-qualitaet.html\" target=\"_blank\" rel=\"noopener\">MQ Management et qualit\u00e9 2024<\/a><\/p>\n<p>\"MQ Management und Qualit\u00e4t\", le magazine sp\u00e9cialis\u00e9 dans les syst\u00e8mes de gestion int\u00e9gr\u00e9s, traite des syst\u00e8mes de gestion modernes dans la pratique, des tendances actuelles en mati\u00e8re de gestion des risques, de la s\u00e9curit\u00e9 et de l'environnement, ainsi que de l'excellence en affaires.<\/p>\n<p>\"MQ Management et Qualit\u00e9\" est la publication officielle de l'Association suisse pour la qualit\u00e9 (SAQ) et porte le label de qualit\u00e9 \"Q-Publication\" de la presse suisse. Le magazine jouit d'une grande acceptation et cr\u00e9dibilit\u00e9 aupr\u00e8s des lecteurs gr\u00e2ce \u00e0 sa grande comp\u00e9tence \u00e9ditoriale.<\/p>\n<p>Gr\u00e2ce aux nouveaux canaux num\u00e9riques tels que le site web, qui rend compte des derni\u00e8res nouvelles du secteur, ou le bulletin d'information, qui r\u00e9sume les tendances de mani\u00e8re pratique, il est possible d'accro\u00eetre l'actualit\u00e9 et la profondeur de certains sujets et contributions.<\/p>\n<p>Gr\u00e2ce \u00e0 votre publicit\u00e9 dans cet environnement th\u00e9matique comp\u00e9tent, vous toucherez les cadres, les d\u00e9cideurs, les responsables de la qualit\u00e9 et des risques dans les entreprises de l'industrie, du commerce, de l'administration, des h\u00f4pitaux et de la construction m\u00e9canique. Vous trouverez des informations d\u00e9taill\u00e9es sur le lectorat, les tarifs et les formats dans les donn\u00e9es actuelles sur les m\u00e9dias.<\/p>","protected":false},"excerpt":{"rendered":"<p>Mediadaten MQ Management und Qualit\u00e4t 2023 MQ Management und Qualit\u00e4t 2024 \u00abMQ Management und Qualit\u00e4t\u00bb das Fachmagazin f\u00fcr integrierte Managementsysteme behandelt moderne Managementsysteme in der Praxis, aktuelle Trends im Risiko-, Sicherheits- und Umweltmanagement und Business Excellence. \u00abMQ Management und Qualit\u00e4t\u00bb ist offizielles Publikationsorgan der Swiss Association for Quality (SAQ) und tr\u00e4gt das Qualitatssiegel &#8222;Q-Publikation&#8220; der [&hellip;]<\/p>\n","protected":false},"author":1,"featured_media":0,"parent":0,"menu_order":0,"comment_status":"closed","ping_status":"closed","template":"","meta":{"_acf_changed":false,"footnotes":""},"class_list":["post-7","page","type-page","status-publish","hentry"],"acf":[],"yoast_head":"<!-- This site is optimized with the Yoast SEO plugin v26.2 - https:\/\/yoast.com\/wordpress\/plugins\/seo\/ -->\n<title>Mediadaten - MQ Management und Qualit\u00e4t<\/title>\n<meta name=\"robots\" content=\"index, follow, max-snippet:-1, max-image-preview:large, max-video-preview:-1\" \/>\n<link rel=\"canonical\" href=\"https:\/\/www.m-q.ch\/fr\/donnees-sur-les-medias\/\" \/>\n<meta property=\"og:locale\" content=\"fr_FR\" \/>\n<meta property=\"og:type\" content=\"article\" \/>\n<meta property=\"og:title\" content=\"Mediadaten - MQ Management und Qualit\u00e4t\" \/>\n<meta property=\"og:description\" content=\"Mediadaten MQ Management und Qualit\u00e4t 2023 MQ Management und Qualit\u00e4t 2024 \u00abMQ Management und Qualit\u00e4t\u00bb das Fachmagazin f\u00fcr integrierte Managementsysteme behandelt moderne Managementsysteme in der Praxis, aktuelle Trends im Risiko-, Sicherheits- und Umweltmanagement und Business Excellence. \u00abMQ Management und Qualit\u00e4t\u00bb ist offizielles Publikationsorgan der Swiss Association for Quality (SAQ) und tr\u00e4gt das Qualitatssiegel &#8222;Q-Publikation&#8220; der [&hellip;]\" \/>\n<meta property=\"og:url\" content=\"https:\/\/www.m-q.ch\/fr\/donnees-sur-les-medias\/\" \/>\n<meta property=\"og:site_name\" content=\"MQ Management und Qualit\u00e4t\" \/>\n<meta property=\"article:publisher\" content=\"https:\/\/www.facebook.com\/ManagementUndQualitaet\" \/>\n<meta property=\"article:modified_time\" content=\"2023-10-30T08:21:50+00:00\" \/>\n<meta name=\"twitter:card\" content=\"summary_large_image\" \/>\n<meta name=\"twitter:label1\" content=\"Dur\u00e9e de lecture estim\u00e9e\" \/>\n\t<meta name=\"twitter:data1\" content=\"1 minute\" \/>\n<script type=\"application\/ld+json\" class=\"yoast-schema-graph\">{\"@context\":\"https:\/\/schema.org\",\"@graph\":[{\"@type\":\"WebPage\",\"@id\":\"https:\/\/www.m-q.ch\/mediadaten\/\",\"url\":\"https:\/\/www.m-q.ch\/mediadaten\/\",\"name\":\"Mediadaten - MQ Management und Qualit\u00e4t\",\"isPartOf\":{\"@id\":\"https:\/\/www.m-q.ch\/fr\/#website\"},\"datePublished\":\"2016-11-29T10:20:46+00:00\",\"dateModified\":\"2023-10-30T08:21:50+00:00\",\"inLanguage\":\"fr-FR\",\"potentialAction\":[{\"@type\":\"ReadAction\",\"target\":[\"https:\/\/www.m-q.ch\/mediadaten\/\"]}]},{\"@type\":\"WebSite\",\"@id\":\"https:\/\/www.m-q.ch\/fr\/#website\",\"url\":\"https:\/\/www.m-q.ch\/fr\/\",\"name\":\"MQ Management und Qualit\u00e4t\",\"description\":\"Plattform f\u00fcr integrierte Managementsysteme.\",\"publisher\":{\"@id\":\"https:\/\/www.m-q.ch\/fr\/#organization\"},\"potentialAction\":[{\"@type\":\"SearchAction\",\"target\":{\"@type\":\"EntryPoint\",\"urlTemplate\":\"https:\/\/www.m-q.ch\/fr\/?s={search_term_string}\"},\"query-input\":{\"@type\":\"PropertyValueSpecification\",\"valueRequired\":true,\"valueName\":\"search_term_string\"}}],\"inLanguage\":\"fr-FR\"},{\"@type\":\"Organization\",\"@id\":\"https:\/\/www.m-q.ch\/fr\/#organization\",\"name\":\"Galledia Fachmedien AG\",\"url\":\"https:\/\/www.m-q.ch\/fr\/\",\"logo\":{\"@type\":\"ImageObject\",\"inLanguage\":\"fr-FR\",\"@id\":\"https:\/\/www.m-q.ch\/fr\/#\/schema\/logo\/image\/\",\"url\":\"https:\/\/www.m-q.ch\/wp-content\/uploads\/2020\/12\/cropped-logo_small.png\",\"contentUrl\":\"https:\/\/www.m-q.ch\/wp-content\/uploads\/2020\/12\/cropped-logo_small.png\",\"width\":512,\"height\":512,\"caption\":\"Galledia Fachmedien AG\"},\"image\":{\"@id\":\"https:\/\/www.m-q.ch\/fr\/#\/schema\/logo\/image\/\"},\"sameAs\":[\"https:\/\/www.facebook.com\/ManagementUndQualitaet\",\"https:\/\/www.linkedin.com\/showcase\/17982321\/admin\/\"]}]}<\/script>\n<!-- \/ Yoast SEO plugin. -->","yoast_head_json":{"title":"Donn\u00e9es sur les m\u00e9dias - MQ Management und Qualit\u00e4t","robots":{"index":"index","follow":"follow","max-snippet":"max-snippet:-1","max-image-preview":"max-image-preview:large","max-video-preview":"max-video-preview:-1"},"canonical":"https:\/\/www.m-q.ch\/fr\/donnees-sur-les-medias\/","og_locale":"fr_FR","og_type":"article","og_title":"Mediadaten - MQ Management und Qualit\u00e4t","og_description":"Mediadaten MQ Management und Qualit\u00e4t 2023 MQ Management und Qualit\u00e4t 2024 \u00abMQ Management und Qualit\u00e4t\u00bb das Fachmagazin f\u00fcr integrierte Managementsysteme behandelt moderne Managementsysteme in der Praxis, aktuelle Trends im Risiko-, Sicherheits- und Umweltmanagement und Business Excellence. \u00abMQ Management und Qualit\u00e4t\u00bb ist offizielles Publikationsorgan der Swiss Association for Quality (SAQ) und tr\u00e4gt das Qualitatssiegel &#8222;Q-Publikation&#8220; der [&hellip;]","og_url":"https:\/\/www.m-q.ch\/fr\/donnees-sur-les-medias\/","og_site_name":"MQ Management und Qualit\u00e4t","article_publisher":"https:\/\/www.facebook.com\/ManagementUndQualitaet","article_modified_time":"2023-10-30T08:21:50+00:00","twitter_card":"summary_large_image","twitter_misc":{"Dur\u00e9e de lecture estim\u00e9e":"1 minute"},"schema":{"@context":"https:\/\/schema.org","@graph":[{"@type":"WebPage","@id":"https:\/\/www.m-q.ch\/mediadaten\/","url":"https:\/\/www.m-q.ch\/mediadaten\/","name":"Donn\u00e9es sur les m\u00e9dias - MQ Management und Qualit\u00e4t","isPartOf":{"@id":"https:\/\/www.m-q.ch\/fr\/#website"},"datePublished":"2016-11-29T10:20:46+00:00","dateModified":"2023-10-30T08:21:50+00:00","inLanguage":"fr-FR","potentialAction":[{"@type":"ReadAction","target":["https:\/\/www.m-q.ch\/mediadaten\/"]}]},{"@type":"WebSite","@id":"https:\/\/www.m-q.ch\/fr\/#website","url":"https:\/\/www.m-q.ch\/fr\/","name":"Gestion et qualit\u00e9 du QM","description":"Plate-forme pour les syst\u00e8mes de gestion int\u00e9gr\u00e9e.","publisher":{"@id":"https:\/\/www.m-q.ch\/fr\/#organization"},"potentialAction":[{"@type":"SearchAction","target":{"@type":"EntryPoint","urlTemplate":"https:\/\/www.m-q.ch\/fr\/?s={search_term_string}"},"query-input":{"@type":"PropertyValueSpecification","valueRequired":true,"valueName":"search_term_string"}}],"inLanguage":"fr-FR"},{"@type":"Organization","@id":"https:\/\/www.m-q.ch\/fr\/#organization","name":"Galledia Trade Media AG","url":"https:\/\/www.m-q.ch\/fr\/","logo":{"@type":"ImageObject","inLanguage":"fr-FR","@id":"https:\/\/www.m-q.ch\/fr\/#\/schema\/logo\/image\/","url":"https:\/\/www.m-q.ch\/wp-content\/uploads\/2020\/12\/cropped-logo_small.png","contentUrl":"https:\/\/www.m-q.ch\/wp-content\/uploads\/2020\/12\/cropped-logo_small.png","width":512,"height":512,"caption":"Galledia Fachmedien AG"},"image":{"@id":"https:\/\/www.m-q.ch\/fr\/#\/schema\/logo\/image\/"},"sameAs":["https:\/\/www.facebook.com\/ManagementUndQualitaet","https:\/\/www.linkedin.com\/showcase\/17982321\/admin\/"]}]}},"_links":{"self":[{"href":"https:\/\/www.m-q.ch\/fr\/wp-json\/wp\/v2\/pages\/7","targetHints":{"allow":["GET"]}}],"collection":[{"href":"https:\/\/www.m-q.ch\/fr\/wp-json\/wp\/v2\/pages"}],"about":[{"href":"https:\/\/www.m-q.ch\/fr\/wp-json\/wp\/v2\/types\/page"}],"author":[{"embeddable":true,"href":"https:\/\/www.m-q.ch\/fr\/wp-json\/wp\/v2\/users\/1"}],"replies":[{"embeddable":true,"href":"https:\/\/www.m-q.ch\/fr\/wp-json\/wp\/v2\/comments?post=7"}],"version-history":[{"count":43,"href":"https:\/\/www.m-q.ch\/fr\/wp-json\/wp\/v2\/pages\/7\/revisions"}],"predecessor-version":[{"id":18807,"href":"https:\/\/www.m-q.ch\/fr\/wp-json\/wp\/v2\/pages\/7\/revisions\/18807"}],"wp:attachment":[{"href":"https:\/\/www.m-q.ch\/fr\/wp-json\/wp\/v2\/media?parent=7"}],"curies":[{"name":"wp","href":"https:\/\/api.w.org\/{rel}","templated":true}]}}