{"id":21778,"date":"2025-07-29T14:47:08","date_gmt":"2025-07-29T12:47:08","guid":{"rendered":"https:\/\/www.m-q.ch\/?post_type=product&#038;p=21778"},"modified":"2025-07-29T14:56:08","modified_gmt":"2025-07-29T12:56:08","slug":"edition-7-8-2025","status":"publish","type":"product","link":"https:\/\/www.m-q.ch\/fr\/produit\/edition-7-8-2025\/","title":{"rendered":"\u00c9dition 7-8\/2025"},"content":{"rendered":"<h2>Excellence &amp; Gouvernance<\/h2>\n<ul>\n<li>Syst\u00e8me de gestion de l'atelier pour chaque entreprise<\/li>\n<li>Des comp\u00e9tences plut\u00f4t que des profils de poste<\/li>\n<li>La culture de l'am\u00e9lioration comme moteur de croissance<\/li>\n<\/ul>\n<h2>Focus<\/h2>\n<ul>\n<li>L'IA dans la formation continue<\/li>\n<li>Renforcer mentalement les entreprises<\/li>\n<li>Qualit\u00e9 dans l'entreprise d'\u00e9ducation<\/li>\n<li>Maximiser le retour sur investissement des budgets de formation<\/li>\n<\/ul>\n<h2>g\u00e9rer les risques<\/h2>\n<ul>\n<li>Cybers\u00e9curit\u00e9 et gestion de la qualit\u00e9<\/li>\n<li>Pourquoi les gestionnaires de risques sont de v\u00e9ritables super-h\u00e9ros<\/li>\n<li>Conformit\u00e9 l\u00e9gale efficace et multisite<\/li>\n<\/ul>\n<h2>assurer la qualit\u00e9<\/h2>\n<ul>\n<li>Un syst\u00e8me pour plus d'efficacit\u00e9<\/li>\n<li>Une M\u00e9thode Agile au Service de la Conformit\u00e9<\/li>\n<li>L'IA au service de l'exp\u00e9rience de conseil du futur<\/li>\n<li>La qualit\u00e9 au microscope<\/li>\n<\/ul>\n<h2>Rubriques<\/h2>\n<ul>\n<li>Sc\u00e8ne<\/li>\n<li>Place du march\u00e9<\/li>\n<li>Produits<\/li>\n<li>Agenda\/Impression<\/li>\n<\/ul>","protected":false},"excerpt":{"rendered":"<p>Re\u00e7ois la revue sp\u00e9cialis\u00e9e en langue allemande \"MQ Management &amp; Qualit\u00e4t\" dans son num\u00e9ro 7-8\/2025 en t\u00e9l\u00e9chargement PDF avec la table des mati\u00e8res ci-dessous :<\/p>","protected":false},"featured_media":21780,"comment_status":"closed","ping_status":"closed","template":"","meta":{"_acf_changed":false},"product_brand":[],"product_cat":[4441],"product_tag":[5795],"class_list":{"0":"post-21778","1":"product","2":"type-product","3":"status-publish","4":"has-post-thumbnail","6":"product_cat-einzelausgaben","7":"product_tag-5795","9":"first","10":"instock","11":"downloadable","12":"virtual","13":"taxable","14":"purchasable","15":"product-type-simple"},"acf":[],"yoast_head":"<!-- This site is optimized with the Yoast SEO plugin v26.2 - https:\/\/yoast.com\/wordpress\/plugins\/seo\/ -->\n<title>Ausgabe 7-8\/2025 - MQ Management und Qualit\u00e4t<\/title>\n<meta name=\"description\" content=\"Erhalte die deutschsprachige Fachzeitschrift \u00abMQ Management &amp; Qualit\u00e4t\u00bb in der Ausgabe 7-8\/2025 als PDF-Download mit nachfolgendem Inhaltsverzeichnis:\" \/>\n<meta name=\"robots\" content=\"index, follow, max-snippet:-1, max-image-preview:large, max-video-preview:-1\" \/>\n<link rel=\"canonical\" href=\"https:\/\/www.m-q.ch\/fr\/produit\/edition-7-8-2025\/\" \/>\n<meta property=\"og:locale\" content=\"fr_FR\" \/>\n<meta property=\"og:type\" content=\"article\" \/>\n<meta property=\"og:title\" content=\"Ausgabe 7-8\/2025 - MQ Management und Qualit\u00e4t\" \/>\n<meta property=\"og:description\" content=\"Erhalte die deutschsprachige Fachzeitschrift \u00abMQ Management &amp; Qualit\u00e4t\u00bb in der Ausgabe 7-8\/2025 als PDF-Download mit nachfolgendem Inhaltsverzeichnis:\" \/>\n<meta property=\"og:url\" content=\"https:\/\/www.m-q.ch\/fr\/produit\/edition-7-8-2025\/\" \/>\n<meta property=\"og:site_name\" content=\"MQ Management und Qualit\u00e4t\" \/>\n<meta property=\"article:publisher\" content=\"https:\/\/www.facebook.com\/ManagementUndQualitaet\" \/>\n<meta property=\"article:modified_time\" content=\"2025-07-29T12:56:08+00:00\" \/>\n<meta property=\"og:image\" content=\"https:\/\/www.m-q.ch\/wp-content\/uploads\/2025\/07\/MQ-Management-Qualitaet-Ausgabe-7-8-2025.png\" \/>\n\t<meta property=\"og:image:width\" content=\"1200\" \/>\n\t<meta property=\"og:image:height\" content=\"680\" \/>\n\t<meta property=\"og:image:type\" content=\"image\/png\" \/>\n<meta name=\"twitter:card\" content=\"summary_large_image\" \/>\n<meta name=\"twitter:label1\" content=\"Dur\u00e9e de lecture estim\u00e9e\" \/>\n\t<meta name=\"twitter:data1\" content=\"1 minute\" \/>\n<script type=\"application\/ld+json\" class=\"yoast-schema-graph\">{\"@context\":\"https:\/\/schema.org\",\"@graph\":[{\"@type\":\"WebPage\",\"@id\":\"https:\/\/www.m-q.ch\/produkt\/ausgabe-7-8-2025\/\",\"url\":\"https:\/\/www.m-q.ch\/produkt\/ausgabe-7-8-2025\/\",\"name\":\"Ausgabe 7-8\/2025 - MQ Management und Qualit\u00e4t\",\"isPartOf\":{\"@id\":\"https:\/\/www.m-q.ch\/fr\/#website\"},\"primaryImageOfPage\":{\"@id\":\"https:\/\/www.m-q.ch\/produkt\/ausgabe-7-8-2025\/#primaryimage\"},\"image\":{\"@id\":\"https:\/\/www.m-q.ch\/produkt\/ausgabe-7-8-2025\/#primaryimage\"},\"thumbnailUrl\":\"https:\/\/www.m-q.ch\/wp-content\/uploads\/2025\/07\/MQ-Management-Qualitaet-Ausgabe-7-8-2025.png\",\"datePublished\":\"2025-07-29T12:47:08+00:00\",\"dateModified\":\"2025-07-29T12:56:08+00:00\",\"description\":\"Erhalte die deutschsprachige Fachzeitschrift \u00abMQ Management & Qualit\u00e4t\u00bb in der Ausgabe 7-8\/2025 als PDF-Download mit nachfolgendem Inhaltsverzeichnis:\",\"breadcrumb\":{\"@id\":\"https:\/\/www.m-q.ch\/produkt\/ausgabe-7-8-2025\/#breadcrumb\"},\"inLanguage\":\"fr-FR\",\"potentialAction\":[{\"@type\":\"ReadAction\",\"target\":[\"https:\/\/www.m-q.ch\/produkt\/ausgabe-7-8-2025\/\"]}]},{\"@type\":\"ImageObject\",\"inLanguage\":\"fr-FR\",\"@id\":\"https:\/\/www.m-q.ch\/produkt\/ausgabe-7-8-2025\/#primaryimage\",\"url\":\"https:\/\/www.m-q.ch\/wp-content\/uploads\/2025\/07\/MQ-Management-Qualitaet-Ausgabe-7-8-2025.png\",\"contentUrl\":\"https:\/\/www.m-q.ch\/wp-content\/uploads\/2025\/07\/MQ-Management-Qualitaet-Ausgabe-7-8-2025.png\",\"width\":1200,\"height\":680},{\"@type\":\"BreadcrumbList\",\"@id\":\"https:\/\/www.m-q.ch\/produkt\/ausgabe-7-8-2025\/#breadcrumb\",\"itemListElement\":[{\"@type\":\"ListItem\",\"position\":1,\"name\":\"Shop\",\"item\":\"https:\/\/www.m-q.ch\/de\/shop\/\"},{\"@type\":\"ListItem\",\"position\":2,\"name\":\"Einzelausgaben\",\"item\":\"https:\/\/www.m-q.ch\/de\/produkt-kategorie\/einzelausgaben\/\"},{\"@type\":\"ListItem\",\"position\":3,\"name\":\"Ausgabe 7-8\/2025\"}]},{\"@type\":\"WebSite\",\"@id\":\"https:\/\/www.m-q.ch\/fr\/#website\",\"url\":\"https:\/\/www.m-q.ch\/fr\/\",\"name\":\"MQ Management und Qualit\u00e4t\",\"description\":\"Plattform f\u00fcr integrierte Managementsysteme.\",\"publisher\":{\"@id\":\"https:\/\/www.m-q.ch\/fr\/#organization\"},\"potentialAction\":[{\"@type\":\"SearchAction\",\"target\":{\"@type\":\"EntryPoint\",\"urlTemplate\":\"https:\/\/www.m-q.ch\/fr\/?s={search_term_string}\"},\"query-input\":{\"@type\":\"PropertyValueSpecification\",\"valueRequired\":true,\"valueName\":\"search_term_string\"}}],\"inLanguage\":\"fr-FR\"},{\"@type\":\"Organization\",\"@id\":\"https:\/\/www.m-q.ch\/fr\/#organization\",\"name\":\"Galledia Fachmedien AG\",\"url\":\"https:\/\/www.m-q.ch\/fr\/\",\"logo\":{\"@type\":\"ImageObject\",\"inLanguage\":\"fr-FR\",\"@id\":\"https:\/\/www.m-q.ch\/fr\/#\/schema\/logo\/image\/\",\"url\":\"https:\/\/www.m-q.ch\/wp-content\/uploads\/2020\/12\/cropped-logo_small.png\",\"contentUrl\":\"https:\/\/www.m-q.ch\/wp-content\/uploads\/2020\/12\/cropped-logo_small.png\",\"width\":512,\"height\":512,\"caption\":\"Galledia Fachmedien AG\"},\"image\":{\"@id\":\"https:\/\/www.m-q.ch\/fr\/#\/schema\/logo\/image\/\"},\"sameAs\":[\"https:\/\/www.facebook.com\/ManagementUndQualitaet\",\"https:\/\/www.linkedin.com\/showcase\/17982321\/admin\/\"]}]}<\/script>\n<!-- \/ Yoast SEO plugin. -->","yoast_head_json":{"title":"\u00c9dition 7-8\/2025 - MQ Management et qualit\u00e9","description":"Re\u00e7ois la revue sp\u00e9cialis\u00e9e en langue allemande \"MQ Management &amp; Qualit\u00e4t\" dans le num\u00e9ro 7-8\/2025 en t\u00e9l\u00e9chargement PDF avec la table des mati\u00e8res ci-dessous :","robots":{"index":"index","follow":"follow","max-snippet":"max-snippet:-1","max-image-preview":"max-image-preview:large","max-video-preview":"max-video-preview:-1"},"canonical":"https:\/\/www.m-q.ch\/fr\/produit\/edition-7-8-2025\/","og_locale":"fr_FR","og_type":"article","og_title":"Ausgabe 7-8\/2025 - MQ Management und Qualit\u00e4t","og_description":"Erhalte die deutschsprachige Fachzeitschrift \u00abMQ Management & Qualit\u00e4t\u00bb in der Ausgabe 7-8\/2025 als PDF-Download mit nachfolgendem Inhaltsverzeichnis:","og_url":"https:\/\/www.m-q.ch\/fr\/produit\/edition-7-8-2025\/","og_site_name":"MQ Management und Qualit\u00e4t","article_publisher":"https:\/\/www.facebook.com\/ManagementUndQualitaet","article_modified_time":"2025-07-29T12:56:08+00:00","og_image":[{"width":1200,"height":680,"url":"https:\/\/www.m-q.ch\/wp-content\/uploads\/2025\/07\/MQ-Management-Qualitaet-Ausgabe-7-8-2025.png","type":"image\/png"}],"twitter_card":"summary_large_image","twitter_misc":{"Dur\u00e9e de lecture estim\u00e9e":"1 minute"},"schema":{"@context":"https:\/\/schema.org","@graph":[{"@type":"WebPage","@id":"https:\/\/www.m-q.ch\/produkt\/ausgabe-7-8-2025\/","url":"https:\/\/www.m-q.ch\/produkt\/ausgabe-7-8-2025\/","name":"\u00c9dition 7-8\/2025 - MQ Management et qualit\u00e9","isPartOf":{"@id":"https:\/\/www.m-q.ch\/fr\/#website"},"primaryImageOfPage":{"@id":"https:\/\/www.m-q.ch\/produkt\/ausgabe-7-8-2025\/#primaryimage"},"image":{"@id":"https:\/\/www.m-q.ch\/produkt\/ausgabe-7-8-2025\/#primaryimage"},"thumbnailUrl":"https:\/\/www.m-q.ch\/wp-content\/uploads\/2025\/07\/MQ-Management-Qualitaet-Ausgabe-7-8-2025.png","datePublished":"2025-07-29T12:47:08+00:00","dateModified":"2025-07-29T12:56:08+00:00","description":"Re\u00e7ois la revue sp\u00e9cialis\u00e9e en langue allemande \"MQ Management &amp; Qualit\u00e4t\" dans le num\u00e9ro 7-8\/2025 en t\u00e9l\u00e9chargement PDF avec la table des mati\u00e8res ci-dessous :","breadcrumb":{"@id":"https:\/\/www.m-q.ch\/produkt\/ausgabe-7-8-2025\/#breadcrumb"},"inLanguage":"fr-FR","potentialAction":[{"@type":"ReadAction","target":["https:\/\/www.m-q.ch\/produkt\/ausgabe-7-8-2025\/"]}]},{"@type":"ImageObject","inLanguage":"fr-FR","@id":"https:\/\/www.m-q.ch\/produkt\/ausgabe-7-8-2025\/#primaryimage","url":"https:\/\/www.m-q.ch\/wp-content\/uploads\/2025\/07\/MQ-Management-Qualitaet-Ausgabe-7-8-2025.png","contentUrl":"https:\/\/www.m-q.ch\/wp-content\/uploads\/2025\/07\/MQ-Management-Qualitaet-Ausgabe-7-8-2025.png","width":1200,"height":680},{"@type":"BreadcrumbList","@id":"https:\/\/www.m-q.ch\/produkt\/ausgabe-7-8-2025\/#breadcrumb","itemListElement":[{"@type":"ListItem","position":1,"name":"Shop","item":"https:\/\/www.m-q.ch\/de\/shop\/"},{"@type":"ListItem","position":2,"name":"Einzelausgaben","item":"https:\/\/www.m-q.ch\/de\/produkt-kategorie\/einzelausgaben\/"},{"@type":"ListItem","position":3,"name":"Ausgabe 7-8\/2025"}]},{"@type":"WebSite","@id":"https:\/\/www.m-q.ch\/fr\/#website","url":"https:\/\/www.m-q.ch\/fr\/","name":"Gestion et qualit\u00e9 du QM","description":"Plate-forme pour les syst\u00e8mes de gestion int\u00e9gr\u00e9e.","publisher":{"@id":"https:\/\/www.m-q.ch\/fr\/#organization"},"potentialAction":[{"@type":"SearchAction","target":{"@type":"EntryPoint","urlTemplate":"https:\/\/www.m-q.ch\/fr\/?s={search_term_string}"},"query-input":{"@type":"PropertyValueSpecification","valueRequired":true,"valueName":"search_term_string"}}],"inLanguage":"fr-FR"},{"@type":"Organization","@id":"https:\/\/www.m-q.ch\/fr\/#organization","name":"Galledia Trade Media AG","url":"https:\/\/www.m-q.ch\/fr\/","logo":{"@type":"ImageObject","inLanguage":"fr-FR","@id":"https:\/\/www.m-q.ch\/fr\/#\/schema\/logo\/image\/","url":"https:\/\/www.m-q.ch\/wp-content\/uploads\/2020\/12\/cropped-logo_small.png","contentUrl":"https:\/\/www.m-q.ch\/wp-content\/uploads\/2020\/12\/cropped-logo_small.png","width":512,"height":512,"caption":"Galledia Fachmedien AG"},"image":{"@id":"https:\/\/www.m-q.ch\/fr\/#\/schema\/logo\/image\/"},"sameAs":["https:\/\/www.facebook.com\/ManagementUndQualitaet","https:\/\/www.linkedin.com\/showcase\/17982321\/admin\/"]}]}},"_links":{"self":[{"href":"https:\/\/www.m-q.ch\/fr\/wp-json\/wp\/v2\/product\/21778","targetHints":{"allow":["GET"]}}],"collection":[{"href":"https:\/\/www.m-q.ch\/fr\/wp-json\/wp\/v2\/product"}],"about":[{"href":"https:\/\/www.m-q.ch\/fr\/wp-json\/wp\/v2\/types\/product"}],"replies":[{"embeddable":true,"href":"https:\/\/www.m-q.ch\/fr\/wp-json\/wp\/v2\/comments?post=21778"}],"wp:featuredmedia":[{"embeddable":true,"href":"https:\/\/www.m-q.ch\/fr\/wp-json\/wp\/v2\/media\/21780"}],"wp:attachment":[{"href":"https:\/\/www.m-q.ch\/fr\/wp-json\/wp\/v2\/media?parent=21778"}],"wp:term":[{"taxonomy":"product_brand","embeddable":true,"href":"https:\/\/www.m-q.ch\/fr\/wp-json\/wp\/v2\/product_brand?post=21778"},{"taxonomy":"product_cat","embeddable":true,"href":"https:\/\/www.m-q.ch\/fr\/wp-json\/wp\/v2\/product_cat?post=21778"},{"taxonomy":"product_tag","embeddable":true,"href":"https:\/\/www.m-q.ch\/fr\/wp-json\/wp\/v2\/product_tag?post=21778"}],"curies":[{"name":"wp","href":"https:\/\/api.w.org\/{rel}","templated":true}]}}