{"id":22180,"date":"2025-12-12T00:01:29","date_gmt":"2025-12-11T23:01:29","guid":{"rendered":"https:\/\/www.m-q.ch\/?post_type=product&#038;p=22180"},"modified":"2025-12-05T10:27:18","modified_gmt":"2025-12-05T09:27:18","slug":"edition-11-12-2025","status":"publish","type":"product","link":"https:\/\/www.m-q.ch\/fr\/produit\/edition-11-12-2025\/","title":{"rendered":"\u00c9dition 11-12\/2025"},"content":{"rendered":"<h2>Flash<\/h2>\n<ul>\n<li>La qualit\u00e9 d'aujourd'hui au service de demain<\/li>\n<\/ul>\n<h2>Excellence &amp; Gouvernance<\/h2>\n<ul>\n<li>Acc\u00e9l\u00e9rer la r\u00e9solution des probl\u00e8mes et d\u00e9velopper les talents<\/li>\n<li>\u00abC'est l'homme qui fait la diff\u00e9rence\u00bb<\/li>\n<li>Calcul des offres assist\u00e9 par IA<\/li>\n<li>G\u00e9rer la qualit\u00e9 dans l'administration publique<\/li>\n<\/ul>\n<h2>g\u00e9rer les risques<\/h2>\n<ul>\n<li>La r\u00e9ussite des projets de transformation exige une gestion des risques coh\u00e9rente<\/li>\n<li>Comment le ma\u00eetre fait-il ses exercices ?<\/li>\n<li>Valeur ajout\u00e9e pour la s\u00e9curit\u00e9 de l'information<\/li>\n<\/ul>\n<h2>assurer la qualit\u00e9<\/h2>\n<ul>\n<li>Mesurer et contr\u00f4ler les am\u00e9liorations<\/li>\n<li>L'ordre r\u00e8gne<\/li>\n<li>Surveillance et maintenance des machines \u00e0 l'\u00e8re de l'IA<\/li>\n<li>L'automatisation des b\u00e2timents vue par un praticien<\/li>\n<\/ul>\n<h2>Rubriques<\/h2>\n<ul>\n<li>Sc\u00e8ne<\/li>\n<li>Place du march\u00e9<\/li>\n<li>Nouvelles sur les produits<\/li>\n<li>Agenda\/Impression<\/li>\n<\/ul>","protected":false},"excerpt":{"rendered":"<p>Re\u00e7ois la revue sp\u00e9cialis\u00e9e en langue allemande \u00abMQ Management &amp; Qualit\u00e4t\u00bb dans le num\u00e9ro 11-12\/2025 en t\u00e9l\u00e9chargement PDF avec la table des mati\u00e8res ci-dessous :<\/p>","protected":false},"featured_media":0,"comment_status":"closed","ping_status":"closed","template":"","meta":{"_acf_changed":false},"product_brand":[],"product_cat":[4441],"product_tag":[5795],"class_list":{"0":"post-22180","1":"product","2":"type-product","3":"status-publish","5":"product_cat-einzelausgaben","6":"product_tag-5795","8":"first","9":"instock","10":"downloadable","11":"virtual","12":"taxable","13":"purchasable","14":"product-type-simple"},"acf":[],"yoast_head":"<!-- This site is optimized with the Yoast SEO plugin v26.2 - https:\/\/yoast.com\/wordpress\/plugins\/seo\/ -->\n<title>Ausgabe 11-12\/2025 - MQ Management und Qualit\u00e4t<\/title>\n<meta name=\"description\" content=\"Erhalte die deutschsprachige Fachzeitschrift \u00abMQ Management &amp; Qualit\u00e4t\u00bb in der Ausgabe 7-8\/2025 als PDF-Download mit nachfolgendem Inhaltsverzeichnis:\" \/>\n<meta name=\"robots\" content=\"index, follow, max-snippet:-1, max-image-preview:large, max-video-preview:-1\" \/>\n<link rel=\"canonical\" href=\"https:\/\/www.m-q.ch\/fr\/produit\/edition-11-12-2025\/\" \/>\n<meta property=\"og:locale\" content=\"fr_FR\" \/>\n<meta property=\"og:type\" content=\"article\" \/>\n<meta property=\"og:title\" content=\"Ausgabe 11-12\/2025 - MQ Management und Qualit\u00e4t\" \/>\n<meta property=\"og:description\" content=\"Erhalte die deutschsprachige Fachzeitschrift \u00abMQ Management &amp; Qualit\u00e4t\u00bb in der Ausgabe 7-8\/2025 als PDF-Download mit nachfolgendem Inhaltsverzeichnis:\" \/>\n<meta property=\"og:url\" content=\"https:\/\/www.m-q.ch\/fr\/produit\/edition-11-12-2025\/\" \/>\n<meta property=\"og:site_name\" content=\"MQ Management und Qualit\u00e4t\" \/>\n<meta property=\"article:publisher\" content=\"https:\/\/www.facebook.com\/ManagementUndQualitaet\" \/>\n<meta name=\"twitter:card\" content=\"summary_large_image\" \/>\n<meta name=\"twitter:label1\" content=\"Dur\u00e9e de lecture estim\u00e9e\" \/>\n\t<meta name=\"twitter:data1\" content=\"1 minute\" \/>\n<script type=\"application\/ld+json\" class=\"yoast-schema-graph\">{\"@context\":\"https:\/\/schema.org\",\"@graph\":[{\"@type\":\"WebPage\",\"@id\":\"https:\/\/www.m-q.ch\/produkt\/ausgabe-11-12-2025\/\",\"url\":\"https:\/\/www.m-q.ch\/produkt\/ausgabe-11-12-2025\/\",\"name\":\"Ausgabe 11-12\/2025 - MQ Management und Qualit\u00e4t\",\"isPartOf\":{\"@id\":\"https:\/\/www.m-q.ch\/fr\/#website\"},\"datePublished\":\"2025-12-11T23:01:29+00:00\",\"description\":\"Erhalte die deutschsprachige Fachzeitschrift \u00abMQ Management & Qualit\u00e4t\u00bb in der Ausgabe 7-8\/2025 als PDF-Download mit nachfolgendem Inhaltsverzeichnis:\",\"breadcrumb\":{\"@id\":\"https:\/\/www.m-q.ch\/produkt\/ausgabe-11-12-2025\/#breadcrumb\"},\"inLanguage\":\"fr-FR\",\"potentialAction\":[{\"@type\":\"ReadAction\",\"target\":[\"https:\/\/www.m-q.ch\/produkt\/ausgabe-11-12-2025\/\"]}]},{\"@type\":\"BreadcrumbList\",\"@id\":\"https:\/\/www.m-q.ch\/produkt\/ausgabe-11-12-2025\/#breadcrumb\",\"itemListElement\":[{\"@type\":\"ListItem\",\"position\":1,\"name\":\"Shop\",\"item\":\"https:\/\/www.m-q.ch\/de\/shop\/\"},{\"@type\":\"ListItem\",\"position\":2,\"name\":\"Einzelausgaben\",\"item\":\"https:\/\/www.m-q.ch\/de\/produkt-kategorie\/einzelausgaben\/\"},{\"@type\":\"ListItem\",\"position\":3,\"name\":\"Ausgabe 11-12\/2025\"}]},{\"@type\":\"WebSite\",\"@id\":\"https:\/\/www.m-q.ch\/fr\/#website\",\"url\":\"https:\/\/www.m-q.ch\/fr\/\",\"name\":\"MQ Management und Qualit\u00e4t\",\"description\":\"Plattform f\u00fcr integrierte Managementsysteme.\",\"publisher\":{\"@id\":\"https:\/\/www.m-q.ch\/fr\/#organization\"},\"potentialAction\":[{\"@type\":\"SearchAction\",\"target\":{\"@type\":\"EntryPoint\",\"urlTemplate\":\"https:\/\/www.m-q.ch\/fr\/?s={search_term_string}\"},\"query-input\":{\"@type\":\"PropertyValueSpecification\",\"valueRequired\":true,\"valueName\":\"search_term_string\"}}],\"inLanguage\":\"fr-FR\"},{\"@type\":\"Organization\",\"@id\":\"https:\/\/www.m-q.ch\/fr\/#organization\",\"name\":\"Galledia Fachmedien AG\",\"url\":\"https:\/\/www.m-q.ch\/fr\/\",\"logo\":{\"@type\":\"ImageObject\",\"inLanguage\":\"fr-FR\",\"@id\":\"https:\/\/www.m-q.ch\/fr\/#\/schema\/logo\/image\/\",\"url\":\"https:\/\/www.m-q.ch\/wp-content\/uploads\/2020\/12\/cropped-logo_small.png\",\"contentUrl\":\"https:\/\/www.m-q.ch\/wp-content\/uploads\/2020\/12\/cropped-logo_small.png\",\"width\":512,\"height\":512,\"caption\":\"Galledia Fachmedien AG\"},\"image\":{\"@id\":\"https:\/\/www.m-q.ch\/fr\/#\/schema\/logo\/image\/\"},\"sameAs\":[\"https:\/\/www.facebook.com\/ManagementUndQualitaet\",\"https:\/\/www.linkedin.com\/showcase\/17982321\/admin\/\"]}]}<\/script>\n<!-- \/ Yoast SEO plugin. -->","yoast_head_json":{"title":"\u00c9dition 11-12\/2025 - MQ Management et qualit\u00e9","description":"Re\u00e7ois la revue sp\u00e9cialis\u00e9e en langue allemande \"MQ Management &amp; Qualit\u00e4t\" dans le num\u00e9ro 7-8\/2025 en t\u00e9l\u00e9chargement PDF avec la table des mati\u00e8res ci-dessous :","robots":{"index":"index","follow":"follow","max-snippet":"max-snippet:-1","max-image-preview":"max-image-preview:large","max-video-preview":"max-video-preview:-1"},"canonical":"https:\/\/www.m-q.ch\/fr\/produit\/edition-11-12-2025\/","og_locale":"fr_FR","og_type":"article","og_title":"Ausgabe 11-12\/2025 - MQ Management und Qualit\u00e4t","og_description":"Erhalte die deutschsprachige Fachzeitschrift \u00abMQ Management & Qualit\u00e4t\u00bb in der Ausgabe 7-8\/2025 als PDF-Download mit nachfolgendem Inhaltsverzeichnis:","og_url":"https:\/\/www.m-q.ch\/fr\/produit\/edition-11-12-2025\/","og_site_name":"MQ Management und Qualit\u00e4t","article_publisher":"https:\/\/www.facebook.com\/ManagementUndQualitaet","twitter_card":"summary_large_image","twitter_misc":{"Dur\u00e9e de lecture estim\u00e9e":"1 minute"},"schema":{"@context":"https:\/\/schema.org","@graph":[{"@type":"WebPage","@id":"https:\/\/www.m-q.ch\/produkt\/ausgabe-11-12-2025\/","url":"https:\/\/www.m-q.ch\/produkt\/ausgabe-11-12-2025\/","name":"\u00c9dition 11-12\/2025 - MQ Management et qualit\u00e9","isPartOf":{"@id":"https:\/\/www.m-q.ch\/fr\/#website"},"datePublished":"2025-12-11T23:01:29+00:00","description":"Re\u00e7ois la revue sp\u00e9cialis\u00e9e en langue allemande \"MQ Management &amp; Qualit\u00e4t\" dans le num\u00e9ro 7-8\/2025 en t\u00e9l\u00e9chargement PDF avec la table des mati\u00e8res ci-dessous :","breadcrumb":{"@id":"https:\/\/www.m-q.ch\/produkt\/ausgabe-11-12-2025\/#breadcrumb"},"inLanguage":"fr-FR","potentialAction":[{"@type":"ReadAction","target":["https:\/\/www.m-q.ch\/produkt\/ausgabe-11-12-2025\/"]}]},{"@type":"BreadcrumbList","@id":"https:\/\/www.m-q.ch\/produkt\/ausgabe-11-12-2025\/#breadcrumb","itemListElement":[{"@type":"ListItem","position":1,"name":"Shop","item":"https:\/\/www.m-q.ch\/de\/shop\/"},{"@type":"ListItem","position":2,"name":"Einzelausgaben","item":"https:\/\/www.m-q.ch\/de\/produkt-kategorie\/einzelausgaben\/"},{"@type":"ListItem","position":3,"name":"Ausgabe 11-12\/2025"}]},{"@type":"WebSite","@id":"https:\/\/www.m-q.ch\/fr\/#website","url":"https:\/\/www.m-q.ch\/fr\/","name":"Gestion et qualit\u00e9 du QM","description":"Plate-forme pour les syst\u00e8mes de gestion int\u00e9gr\u00e9e.","publisher":{"@id":"https:\/\/www.m-q.ch\/fr\/#organization"},"potentialAction":[{"@type":"SearchAction","target":{"@type":"EntryPoint","urlTemplate":"https:\/\/www.m-q.ch\/fr\/?s={search_term_string}"},"query-input":{"@type":"PropertyValueSpecification","valueRequired":true,"valueName":"search_term_string"}}],"inLanguage":"fr-FR"},{"@type":"Organization","@id":"https:\/\/www.m-q.ch\/fr\/#organization","name":"Galledia Trade Media AG","url":"https:\/\/www.m-q.ch\/fr\/","logo":{"@type":"ImageObject","inLanguage":"fr-FR","@id":"https:\/\/www.m-q.ch\/fr\/#\/schema\/logo\/image\/","url":"https:\/\/www.m-q.ch\/wp-content\/uploads\/2020\/12\/cropped-logo_small.png","contentUrl":"https:\/\/www.m-q.ch\/wp-content\/uploads\/2020\/12\/cropped-logo_small.png","width":512,"height":512,"caption":"Galledia Fachmedien AG"},"image":{"@id":"https:\/\/www.m-q.ch\/fr\/#\/schema\/logo\/image\/"},"sameAs":["https:\/\/www.facebook.com\/ManagementUndQualitaet","https:\/\/www.linkedin.com\/showcase\/17982321\/admin\/"]}]}},"_links":{"self":[{"href":"https:\/\/www.m-q.ch\/fr\/wp-json\/wp\/v2\/product\/22180","targetHints":{"allow":["GET"]}}],"collection":[{"href":"https:\/\/www.m-q.ch\/fr\/wp-json\/wp\/v2\/product"}],"about":[{"href":"https:\/\/www.m-q.ch\/fr\/wp-json\/wp\/v2\/types\/product"}],"replies":[{"embeddable":true,"href":"https:\/\/www.m-q.ch\/fr\/wp-json\/wp\/v2\/comments?post=22180"}],"wp:attachment":[{"href":"https:\/\/www.m-q.ch\/fr\/wp-json\/wp\/v2\/media?parent=22180"}],"wp:term":[{"taxonomy":"product_brand","embeddable":true,"href":"https:\/\/www.m-q.ch\/fr\/wp-json\/wp\/v2\/product_brand?post=22180"},{"taxonomy":"product_cat","embeddable":true,"href":"https:\/\/www.m-q.ch\/fr\/wp-json\/wp\/v2\/product_cat?post=22180"},{"taxonomy":"product_tag","embeddable":true,"href":"https:\/\/www.m-q.ch\/fr\/wp-json\/wp\/v2\/product_tag?post=22180"}],"curies":[{"name":"wp","href":"https:\/\/api.w.org\/{rel}","templated":true}]}}