{"id":8369,"date":"2021-02-12T00:01:54","date_gmt":"2021-02-11T23:01:54","guid":{"rendered":"https:\/\/www.m-q.ch\/?post_type=product&#038;p=8369"},"modified":"2021-11-01T13:29:24","modified_gmt":"2021-11-01T12:29:24","slug":"edition-1-2-2021","status":"publish","type":"product","link":"https:\/\/www.m-q.ch\/fr\/produit\/edition-1-2-2021\/","title":{"rendered":"Num\u00e9ro 1-2\/2021"},"content":{"rendered":"<h2>Flash<\/h2>\n<ul>\n<li>Journ\u00e9es suisses de la cybers\u00e9curit\u00e9 2021<\/li>\n<li>Nouveau directeur g\u00e9n\u00e9ral de la SAQ<\/li>\n<\/ul>\n<h2>Sc\u00e8ne<\/h2>\n<ul>\n<li>Ceci et cela<\/li>\n<\/ul>\n<h2>l'excellence en affaires<\/h2>\n<ul>\n<li>Bien plus qu'un \"nice to have<\/li>\n<li>Plus qu'un simple service \u00e0 la client\u00e8le<\/li>\n<\/ul>\n<h2>Focus<\/h2>\n<ul>\n<li>Le b\u00e9ton : le mat\u00e9riau de construction \"\u00e9ternel<\/li>\n<li>Plan pour les risques naturels<\/li>\n<\/ul>\n<h2>g\u00e9rer les risques<\/h2>\n<ul>\n<li>R\u00e9seau mobile : le talon d'Achille de l'\u00e9conomie et de la soci\u00e9t\u00e9<\/li>\n<li>Communication de crise : \u00e9viter les erreurs cruciales<\/li>\n<li>La transformation num\u00e9rique ? Bien s\u00fbr !<\/li>\n<li>S\u00e9curit\u00e9 informatique : des dangers sous-estim\u00e9s<\/li>\n<\/ul>\n<h2>Produits<\/h2>\n<ul>\n<li>Nouvelles sur les produits<\/li>\n<\/ul>\n<h2>assurer la qualit\u00e9<\/h2>\n<ul>\n<li>Rester capable d'agir et tirer parti des gains d'efficacit\u00e9<\/li>\n<li>La gestion des documents, c'\u00e9tait hier<\/li>\n<li>Masque jetable ou en tissu<\/li>\n<\/ul>","protected":false},"excerpt":{"rendered":"<p>Recevez la revue sp\u00e9cialis\u00e9e en langue allemande \"MQ Management &amp; Qualit\u00e4t\" dans le num\u00e9ro 1-2\/2021 en t\u00e9l\u00e9chargement PDF avec la table des mati\u00e8res suivante :<\/p>","protected":false},"featured_media":8370,"comment_status":"open","ping_status":"closed","template":"","meta":{"_acf_changed":false},"product_brand":[],"product_cat":[4441],"product_tag":[4683],"class_list":{"0":"post-8369","1":"product","2":"type-product","3":"status-publish","4":"has-post-thumbnail","6":"product_cat-einzelausgaben","7":"product_tag-4683","9":"first","10":"instock","11":"downloadable","12":"virtual","13":"taxable","14":"purchasable","15":"product-type-simple"},"acf":[],"yoast_head":"<!-- This site is optimized with the Yoast SEO plugin v26.2 - https:\/\/yoast.com\/wordpress\/plugins\/seo\/ -->\n<title>Ausgabe 1-2\/2021 - MQ Management und Qualit\u00e4t<\/title>\n<meta name=\"description\" content=\"Erhalte die deutschsprachige Fachzeitschrift \u00abMQ Management &amp; Qualit\u00e4t\u00bb in der Ausgabe 1-2\/2021 als PDF-Download mit nachfolgendem Inhaltsverzeichnis:\" \/>\n<meta name=\"robots\" content=\"index, follow, max-snippet:-1, max-image-preview:large, max-video-preview:-1\" \/>\n<link rel=\"canonical\" href=\"https:\/\/www.m-q.ch\/fr\/produit\/issue-1-2-2021\/\" \/>\n<meta property=\"og:locale\" content=\"fr_FR\" \/>\n<meta property=\"og:type\" content=\"article\" \/>\n<meta property=\"og:title\" content=\"Ausgabe 1-2\/2021 - MQ Management und Qualit\u00e4t\" \/>\n<meta property=\"og:description\" content=\"Erhalte die deutschsprachige Fachzeitschrift \u00abMQ Management &amp; Qualit\u00e4t\u00bb in der Ausgabe 1-2\/2021 als PDF-Download mit nachfolgendem Inhaltsverzeichnis:\" \/>\n<meta property=\"og:url\" content=\"https:\/\/www.m-q.ch\/fr\/produit\/issue-1-2-2021\/\" \/>\n<meta property=\"og:site_name\" content=\"MQ Management und Qualit\u00e4t\" \/>\n<meta property=\"article:publisher\" content=\"https:\/\/www.facebook.com\/ManagementUndQualitaet\" \/>\n<meta property=\"article:modified_time\" content=\"2021-11-01T12:29:24+00:00\" \/>\n<meta property=\"og:image\" content=\"https:\/\/www.m-q.ch\/wp-content\/uploads\/2021\/02\/MQ-Management-Qualitaet-Ausgabe-1-2-2021-Digitale-Transofrmation-ohne-sichere-IT-gehts-schief.png\" \/>\n\t<meta property=\"og:image:width\" content=\"654\" \/>\n\t<meta property=\"og:image:height\" content=\"370\" \/>\n\t<meta property=\"og:image:type\" content=\"image\/png\" \/>\n<meta name=\"twitter:card\" content=\"summary_large_image\" \/>\n<script type=\"application\/ld+json\" class=\"yoast-schema-graph\">{\"@context\":\"https:\/\/schema.org\",\"@graph\":[{\"@type\":\"WebPage\",\"@id\":\"https:\/\/www.m-q.ch\/fr\/produit\/issue-1-2-2021\/\",\"url\":\"https:\/\/www.m-q.ch\/fr\/produit\/issue-1-2-2021\/\",\"name\":\"Ausgabe 1-2\/2021 - MQ Management und Qualit\u00e4t\",\"isPartOf\":{\"@id\":\"https:\/\/www.m-q.ch\/fr\/#website\"},\"primaryImageOfPage\":{\"@id\":\"https:\/\/www.m-q.ch\/fr\/produit\/issue-1-2-2021\/#primaryimage\"},\"image\":{\"@id\":\"https:\/\/www.m-q.ch\/fr\/produit\/issue-1-2-2021\/#primaryimage\"},\"thumbnailUrl\":\"https:\/\/www.m-q.ch\/wp-content\/uploads\/2021\/02\/MQ-Management-Qualitaet-Ausgabe-1-2-2021-Digitale-Transofrmation-ohne-sichere-IT-gehts-schief.png\",\"datePublished\":\"2021-02-11T23:01:54+00:00\",\"dateModified\":\"2021-11-01T12:29:24+00:00\",\"description\":\"Erhalte die deutschsprachige Fachzeitschrift \u00abMQ Management & Qualit\u00e4t\u00bb in der Ausgabe 1-2\/2021 als PDF-Download mit nachfolgendem Inhaltsverzeichnis:\",\"breadcrumb\":{\"@id\":\"https:\/\/www.m-q.ch\/fr\/produit\/issue-1-2-2021\/#breadcrumb\"},\"inLanguage\":\"fr-FR\",\"potentialAction\":[{\"@type\":\"ReadAction\",\"target\":[\"https:\/\/www.m-q.ch\/fr\/produit\/issue-1-2-2021\/\"]}]},{\"@type\":\"ImageObject\",\"inLanguage\":\"fr-FR\",\"@id\":\"https:\/\/www.m-q.ch\/fr\/produit\/issue-1-2-2021\/#primaryimage\",\"url\":\"https:\/\/www.m-q.ch\/wp-content\/uploads\/2021\/02\/MQ-Management-Qualitaet-Ausgabe-1-2-2021-Digitale-Transofrmation-ohne-sichere-IT-gehts-schief.png\",\"contentUrl\":\"https:\/\/www.m-q.ch\/wp-content\/uploads\/2021\/02\/MQ-Management-Qualitaet-Ausgabe-1-2-2021-Digitale-Transofrmation-ohne-sichere-IT-gehts-schief.png\",\"width\":654,\"height\":370},{\"@type\":\"BreadcrumbList\",\"@id\":\"https:\/\/www.m-q.ch\/fr\/produit\/issue-1-2-2021\/#breadcrumb\",\"itemListElement\":[{\"@type\":\"ListItem\",\"position\":1,\"name\":\"Shop\",\"item\":\"https:\/\/www.m-q.ch\/de\/shop\/\"},{\"@type\":\"ListItem\",\"position\":2,\"name\":\"Einzelausgaben\",\"item\":\"https:\/\/www.m-q.ch\/de\/produkt-kategorie\/einzelausgaben\/\"},{\"@type\":\"ListItem\",\"position\":3,\"name\":\"Ausgabe 1-2\/2021\"}]},{\"@type\":\"WebSite\",\"@id\":\"https:\/\/www.m-q.ch\/fr\/#website\",\"url\":\"https:\/\/www.m-q.ch\/fr\/\",\"name\":\"MQ Management und Qualit\u00e4t\",\"description\":\"Plattform f\u00fcr integrierte Managementsysteme.\",\"publisher\":{\"@id\":\"https:\/\/www.m-q.ch\/fr\/#organization\"},\"potentialAction\":[{\"@type\":\"SearchAction\",\"target\":{\"@type\":\"EntryPoint\",\"urlTemplate\":\"https:\/\/www.m-q.ch\/fr\/?s={search_term_string}\"},\"query-input\":{\"@type\":\"PropertyValueSpecification\",\"valueRequired\":true,\"valueName\":\"search_term_string\"}}],\"inLanguage\":\"fr-FR\"},{\"@type\":\"Organization\",\"@id\":\"https:\/\/www.m-q.ch\/fr\/#organization\",\"name\":\"Galledia Fachmedien AG\",\"url\":\"https:\/\/www.m-q.ch\/fr\/\",\"logo\":{\"@type\":\"ImageObject\",\"inLanguage\":\"fr-FR\",\"@id\":\"https:\/\/www.m-q.ch\/fr\/#\/schema\/logo\/image\/\",\"url\":\"https:\/\/www.m-q.ch\/wp-content\/uploads\/2020\/12\/cropped-logo_small.png\",\"contentUrl\":\"https:\/\/www.m-q.ch\/wp-content\/uploads\/2020\/12\/cropped-logo_small.png\",\"width\":512,\"height\":512,\"caption\":\"Galledia Fachmedien AG\"},\"image\":{\"@id\":\"https:\/\/www.m-q.ch\/fr\/#\/schema\/logo\/image\/\"},\"sameAs\":[\"https:\/\/www.facebook.com\/ManagementUndQualitaet\",\"https:\/\/www.linkedin.com\/showcase\/17982321\/admin\/\"]}]}<\/script>\n<!-- \/ Yoast SEO plugin. -->","yoast_head_json":{"title":"Num\u00e9ro 1-2\/2021 - Gestion et qualit\u00e9 du QM","description":"Recevez la revue sp\u00e9cialis\u00e9e en langue allemande \"MQ Management &amp; Qualit\u00e4t\" dans le num\u00e9ro 1-2\/2021 en t\u00e9l\u00e9chargement PDF avec la table des mati\u00e8res suivante :","robots":{"index":"index","follow":"follow","max-snippet":"max-snippet:-1","max-image-preview":"max-image-preview:large","max-video-preview":"max-video-preview:-1"},"canonical":"https:\/\/www.m-q.ch\/fr\/produit\/issue-1-2-2021\/","og_locale":"fr_FR","og_type":"article","og_title":"Ausgabe 1-2\/2021 - MQ Management und Qualit\u00e4t","og_description":"Erhalte die deutschsprachige Fachzeitschrift \u00abMQ Management & Qualit\u00e4t\u00bb in der Ausgabe 1-2\/2021 als PDF-Download mit nachfolgendem Inhaltsverzeichnis:","og_url":"https:\/\/www.m-q.ch\/fr\/produit\/issue-1-2-2021\/","og_site_name":"MQ Management und Qualit\u00e4t","article_publisher":"https:\/\/www.facebook.com\/ManagementUndQualitaet","article_modified_time":"2021-11-01T12:29:24+00:00","og_image":[{"width":654,"height":370,"url":"https:\/\/www.m-q.ch\/wp-content\/uploads\/2021\/02\/MQ-Management-Qualitaet-Ausgabe-1-2-2021-Digitale-Transofrmation-ohne-sichere-IT-gehts-schief.png","type":"image\/png"}],"twitter_card":"summary_large_image","schema":{"@context":"https:\/\/schema.org","@graph":[{"@type":"WebPage","@id":"https:\/\/www.m-q.ch\/fr\/produit\/issue-1-2-2021\/","url":"https:\/\/www.m-q.ch\/fr\/produit\/issue-1-2-2021\/","name":"Num\u00e9ro 1-2\/2021 - Gestion et qualit\u00e9 du QM","isPartOf":{"@id":"https:\/\/www.m-q.ch\/fr\/#website"},"primaryImageOfPage":{"@id":"https:\/\/www.m-q.ch\/fr\/produit\/issue-1-2-2021\/#primaryimage"},"image":{"@id":"https:\/\/www.m-q.ch\/fr\/produit\/issue-1-2-2021\/#primaryimage"},"thumbnailUrl":"https:\/\/www.m-q.ch\/wp-content\/uploads\/2021\/02\/MQ-Management-Qualitaet-Ausgabe-1-2-2021-Digitale-Transofrmation-ohne-sichere-IT-gehts-schief.png","datePublished":"2021-02-11T23:01:54+00:00","dateModified":"2021-11-01T12:29:24+00:00","description":"Recevez la revue sp\u00e9cialis\u00e9e en langue allemande \"MQ Management &amp; Qualit\u00e4t\" dans le num\u00e9ro 1-2\/2021 en t\u00e9l\u00e9chargement PDF avec la table des mati\u00e8res suivante :","breadcrumb":{"@id":"https:\/\/www.m-q.ch\/fr\/produit\/issue-1-2-2021\/#breadcrumb"},"inLanguage":"fr-FR","potentialAction":[{"@type":"ReadAction","target":["https:\/\/www.m-q.ch\/fr\/produit\/issue-1-2-2021\/"]}]},{"@type":"ImageObject","inLanguage":"fr-FR","@id":"https:\/\/www.m-q.ch\/fr\/produit\/issue-1-2-2021\/#primaryimage","url":"https:\/\/www.m-q.ch\/wp-content\/uploads\/2021\/02\/MQ-Management-Qualitaet-Ausgabe-1-2-2021-Digitale-Transofrmation-ohne-sichere-IT-gehts-schief.png","contentUrl":"https:\/\/www.m-q.ch\/wp-content\/uploads\/2021\/02\/MQ-Management-Qualitaet-Ausgabe-1-2-2021-Digitale-Transofrmation-ohne-sichere-IT-gehts-schief.png","width":654,"height":370},{"@type":"BreadcrumbList","@id":"https:\/\/www.m-q.ch\/fr\/produit\/issue-1-2-2021\/#breadcrumb","itemListElement":[{"@type":"ListItem","position":1,"name":"Shop","item":"https:\/\/www.m-q.ch\/de\/shop\/"},{"@type":"ListItem","position":2,"name":"Einzelausgaben","item":"https:\/\/www.m-q.ch\/de\/produkt-kategorie\/einzelausgaben\/"},{"@type":"ListItem","position":3,"name":"Ausgabe 1-2\/2021"}]},{"@type":"WebSite","@id":"https:\/\/www.m-q.ch\/fr\/#website","url":"https:\/\/www.m-q.ch\/fr\/","name":"Gestion et qualit\u00e9 du QM","description":"Plate-forme pour les syst\u00e8mes de gestion int\u00e9gr\u00e9e.","publisher":{"@id":"https:\/\/www.m-q.ch\/fr\/#organization"},"potentialAction":[{"@type":"SearchAction","target":{"@type":"EntryPoint","urlTemplate":"https:\/\/www.m-q.ch\/fr\/?s={search_term_string}"},"query-input":{"@type":"PropertyValueSpecification","valueRequired":true,"valueName":"search_term_string"}}],"inLanguage":"fr-FR"},{"@type":"Organization","@id":"https:\/\/www.m-q.ch\/fr\/#organization","name":"Galledia Trade Media AG","url":"https:\/\/www.m-q.ch\/fr\/","logo":{"@type":"ImageObject","inLanguage":"fr-FR","@id":"https:\/\/www.m-q.ch\/fr\/#\/schema\/logo\/image\/","url":"https:\/\/www.m-q.ch\/wp-content\/uploads\/2020\/12\/cropped-logo_small.png","contentUrl":"https:\/\/www.m-q.ch\/wp-content\/uploads\/2020\/12\/cropped-logo_small.png","width":512,"height":512,"caption":"Galledia Fachmedien AG"},"image":{"@id":"https:\/\/www.m-q.ch\/fr\/#\/schema\/logo\/image\/"},"sameAs":["https:\/\/www.facebook.com\/ManagementUndQualitaet","https:\/\/www.linkedin.com\/showcase\/17982321\/admin\/"]}]}},"_links":{"self":[{"href":"https:\/\/www.m-q.ch\/fr\/wp-json\/wp\/v2\/product\/8369","targetHints":{"allow":["GET"]}}],"collection":[{"href":"https:\/\/www.m-q.ch\/fr\/wp-json\/wp\/v2\/product"}],"about":[{"href":"https:\/\/www.m-q.ch\/fr\/wp-json\/wp\/v2\/types\/product"}],"replies":[{"embeddable":true,"href":"https:\/\/www.m-q.ch\/fr\/wp-json\/wp\/v2\/comments?post=8369"}],"wp:featuredmedia":[{"embeddable":true,"href":"https:\/\/www.m-q.ch\/fr\/wp-json\/wp\/v2\/media\/8370"}],"wp:attachment":[{"href":"https:\/\/www.m-q.ch\/fr\/wp-json\/wp\/v2\/media?parent=8369"}],"wp:term":[{"taxonomy":"product_brand","embeddable":true,"href":"https:\/\/www.m-q.ch\/fr\/wp-json\/wp\/v2\/product_brand?post=8369"},{"taxonomy":"product_cat","embeddable":true,"href":"https:\/\/www.m-q.ch\/fr\/wp-json\/wp\/v2\/product_cat?post=8369"},{"taxonomy":"product_tag","embeddable":true,"href":"https:\/\/www.m-q.ch\/fr\/wp-json\/wp\/v2\/product_tag?post=8369"}],"curies":[{"name":"wp","href":"https:\/\/api.w.org\/{rel}","templated":true}]}}