{"id":7,"date":"2016-11-29T11:20:46","date_gmt":"2016-11-29T10:20:46","guid":{"rendered":"http:\/\/devverlag.galledia.ch\/?page_id=7"},"modified":"2023-10-30T09:21:50","modified_gmt":"2023-10-30T08:21:50","slug":"dati-dei-media","status":"publish","type":"page","link":"https:\/\/www.m-q.ch\/it\/mediadaten\/","title":{"rendered":"Dati dei media"},"content":{"rendered":"<p><strong>Dati dei media<\/strong><\/p>\n<p><a href=\"https:\/\/www.m-q.ch\/wp-content\/uploads\/2023\/03\/MQ-Management-Qualitaet_Mediadaten-2023.pdf\">MQ Gestione e qualit\u00e0 2023<\/a><\/p>\n<p><a href=\"https:\/\/www.fachmedien.ch\/portfolio\/management-qualitaet.html\" target=\"_blank\" rel=\"noopener\">MQ Gestione e qualit\u00e0 2024<\/a><\/p>\n<p>\"MQ Management und Qualit\u00e4t\", la rivista specializzata per i sistemi di gestione integrati, si occupa dei moderni sistemi di gestione nella pratica, delle attuali tendenze in materia di gestione del rischio, della sicurezza e dell'ambiente e dell'eccellenza aziendale.<\/p>\n<p>\"MQ Management and Quality\" \u00e8 la pubblicazione ufficiale dell'Associazione svizzera per la qualit\u00e0 (SAQ) e reca il marchio di qualit\u00e0 \"Q-Pubblicazione Q\" della stampa svizzera. La rivista gode di grande accettazione e credibilit\u00e0 tra i lettori grazie alla sua elevata competenza editoriale.<\/p>\n<p>Con i nuovi canali digitali come il sito web, che riporta le ultime novit\u00e0 del settore, o la newsletter informativa, che riassume le tendenze in modo pratico, \u00e8 possibile aumentare l'attualit\u00e0 e la profondit\u00e0 di argomenti e contributi selezionati.<\/p>\n<p>Con la vostra pubblicit\u00e0 in questo ambiente tematico competente raggiungerete i dirigenti, i responsabili delle decisioni, i responsabili della qualit\u00e0 e dei rischi nelle aziende dell'industria, dell'economia, dell'amministrazione, degli ospedali e dell'ingegneria meccanica. Informazioni dettagliate su lettori, tariffe e formati si trovano nei dati attuali dei media.<\/p>","protected":false},"excerpt":{"rendered":"<p>Mediadaten MQ Management und Qualit\u00e4t 2023 MQ Management und Qualit\u00e4t 2024 \u00abMQ Management und Qualit\u00e4t\u00bb das Fachmagazin f\u00fcr integrierte Managementsysteme behandelt moderne Managementsysteme in der Praxis, aktuelle Trends im Risiko-, Sicherheits- und Umweltmanagement und Business Excellence. \u00abMQ Management und Qualit\u00e4t\u00bb ist offizielles Publikationsorgan der Swiss Association for Quality (SAQ) und tr\u00e4gt das Qualitatssiegel &#8222;Q-Publikation&#8220; der [&hellip;]<\/p>\n","protected":false},"author":1,"featured_media":0,"parent":0,"menu_order":0,"comment_status":"closed","ping_status":"closed","template":"","meta":{"_acf_changed":false,"footnotes":""},"class_list":["post-7","page","type-page","status-publish","hentry"],"acf":[],"yoast_head":"<!-- This site is optimized with the Yoast SEO plugin v26.2 - https:\/\/yoast.com\/wordpress\/plugins\/seo\/ -->\n<title>Mediadaten - MQ Management und Qualit\u00e4t<\/title>\n<meta name=\"robots\" content=\"index, follow, max-snippet:-1, max-image-preview:large, max-video-preview:-1\" \/>\n<link rel=\"canonical\" href=\"https:\/\/www.m-q.ch\/it\/dati-dei-media\/\" \/>\n<meta property=\"og:locale\" content=\"it_IT\" \/>\n<meta property=\"og:type\" content=\"article\" \/>\n<meta property=\"og:title\" content=\"Mediadaten - MQ Management und Qualit\u00e4t\" \/>\n<meta property=\"og:description\" content=\"Mediadaten MQ Management und Qualit\u00e4t 2023 MQ Management und Qualit\u00e4t 2024 \u00abMQ Management und Qualit\u00e4t\u00bb das Fachmagazin f\u00fcr integrierte Managementsysteme behandelt moderne Managementsysteme in der Praxis, aktuelle Trends im Risiko-, Sicherheits- und Umweltmanagement und Business Excellence. \u00abMQ Management und Qualit\u00e4t\u00bb ist offizielles Publikationsorgan der Swiss Association for Quality (SAQ) und tr\u00e4gt das Qualitatssiegel &#8222;Q-Publikation&#8220; der [&hellip;]\" \/>\n<meta property=\"og:url\" content=\"https:\/\/www.m-q.ch\/it\/dati-dei-media\/\" \/>\n<meta property=\"og:site_name\" content=\"MQ Management und Qualit\u00e4t\" \/>\n<meta property=\"article:publisher\" content=\"https:\/\/www.facebook.com\/ManagementUndQualitaet\" \/>\n<meta property=\"article:modified_time\" content=\"2023-10-30T08:21:50+00:00\" \/>\n<meta name=\"twitter:card\" content=\"summary_large_image\" \/>\n<meta name=\"twitter:label1\" content=\"Tempo di lettura stimato\" \/>\n\t<meta name=\"twitter:data1\" content=\"1 minuto\" \/>\n<script type=\"application\/ld+json\" class=\"yoast-schema-graph\">{\"@context\":\"https:\/\/schema.org\",\"@graph\":[{\"@type\":\"WebPage\",\"@id\":\"https:\/\/www.m-q.ch\/mediadaten\/\",\"url\":\"https:\/\/www.m-q.ch\/mediadaten\/\",\"name\":\"Mediadaten - MQ Management und Qualit\u00e4t\",\"isPartOf\":{\"@id\":\"https:\/\/www.m-q.ch\/fr\/#website\"},\"datePublished\":\"2016-11-29T10:20:46+00:00\",\"dateModified\":\"2023-10-30T08:21:50+00:00\",\"inLanguage\":\"it-IT\",\"potentialAction\":[{\"@type\":\"ReadAction\",\"target\":[\"https:\/\/www.m-q.ch\/mediadaten\/\"]}]},{\"@type\":\"WebSite\",\"@id\":\"https:\/\/www.m-q.ch\/fr\/#website\",\"url\":\"https:\/\/www.m-q.ch\/fr\/\",\"name\":\"MQ Management und Qualit\u00e4t\",\"description\":\"Plattform f\u00fcr integrierte Managementsysteme.\",\"publisher\":{\"@id\":\"https:\/\/www.m-q.ch\/fr\/#organization\"},\"potentialAction\":[{\"@type\":\"SearchAction\",\"target\":{\"@type\":\"EntryPoint\",\"urlTemplate\":\"https:\/\/www.m-q.ch\/fr\/?s={search_term_string}\"},\"query-input\":{\"@type\":\"PropertyValueSpecification\",\"valueRequired\":true,\"valueName\":\"search_term_string\"}}],\"inLanguage\":\"it-IT\"},{\"@type\":\"Organization\",\"@id\":\"https:\/\/www.m-q.ch\/fr\/#organization\",\"name\":\"Galledia Fachmedien AG\",\"url\":\"https:\/\/www.m-q.ch\/fr\/\",\"logo\":{\"@type\":\"ImageObject\",\"inLanguage\":\"it-IT\",\"@id\":\"https:\/\/www.m-q.ch\/fr\/#\/schema\/logo\/image\/\",\"url\":\"https:\/\/www.m-q.ch\/wp-content\/uploads\/2020\/12\/cropped-logo_small.png\",\"contentUrl\":\"https:\/\/www.m-q.ch\/wp-content\/uploads\/2020\/12\/cropped-logo_small.png\",\"width\":512,\"height\":512,\"caption\":\"Galledia Fachmedien AG\"},\"image\":{\"@id\":\"https:\/\/www.m-q.ch\/fr\/#\/schema\/logo\/image\/\"},\"sameAs\":[\"https:\/\/www.facebook.com\/ManagementUndQualitaet\",\"https:\/\/www.linkedin.com\/showcase\/17982321\/admin\/\"]}]}<\/script>\n<!-- \/ Yoast SEO plugin. -->","yoast_head_json":{"title":"Dati multimediali - MQ Management und Qualit\u00e4t","robots":{"index":"index","follow":"follow","max-snippet":"max-snippet:-1","max-image-preview":"max-image-preview:large","max-video-preview":"max-video-preview:-1"},"canonical":"https:\/\/www.m-q.ch\/it\/dati-dei-media\/","og_locale":"it_IT","og_type":"article","og_title":"Mediadaten - MQ Management und Qualit\u00e4t","og_description":"Mediadaten MQ Management und Qualit\u00e4t 2023 MQ Management und Qualit\u00e4t 2024 \u00abMQ Management und Qualit\u00e4t\u00bb das Fachmagazin f\u00fcr integrierte Managementsysteme behandelt moderne Managementsysteme in der Praxis, aktuelle Trends im Risiko-, Sicherheits- und Umweltmanagement und Business Excellence. \u00abMQ Management und Qualit\u00e4t\u00bb ist offizielles Publikationsorgan der Swiss Association for Quality (SAQ) und tr\u00e4gt das Qualitatssiegel &#8222;Q-Publikation&#8220; der [&hellip;]","og_url":"https:\/\/www.m-q.ch\/it\/dati-dei-media\/","og_site_name":"MQ Management und Qualit\u00e4t","article_publisher":"https:\/\/www.facebook.com\/ManagementUndQualitaet","article_modified_time":"2023-10-30T08:21:50+00:00","twitter_card":"summary_large_image","twitter_misc":{"Tempo di lettura stimato":"1 minuto"},"schema":{"@context":"https:\/\/schema.org","@graph":[{"@type":"WebPage","@id":"https:\/\/www.m-q.ch\/mediadaten\/","url":"https:\/\/www.m-q.ch\/mediadaten\/","name":"Dati multimediali - MQ Management und Qualit\u00e4t","isPartOf":{"@id":"https:\/\/www.m-q.ch\/fr\/#website"},"datePublished":"2016-11-29T10:20:46+00:00","dateModified":"2023-10-30T08:21:50+00:00","inLanguage":"it-IT","potentialAction":[{"@type":"ReadAction","target":["https:\/\/www.m-q.ch\/mediadaten\/"]}]},{"@type":"WebSite","@id":"https:\/\/www.m-q.ch\/fr\/#website","url":"https:\/\/www.m-q.ch\/fr\/","name":"Gestione e qualit\u00e0 MQ","description":"Piattaforma per sistemi di gestione integrati.","publisher":{"@id":"https:\/\/www.m-q.ch\/fr\/#organization"},"potentialAction":[{"@type":"SearchAction","target":{"@type":"EntryPoint","urlTemplate":"https:\/\/www.m-q.ch\/fr\/?s={search_term_string}"},"query-input":{"@type":"PropertyValueSpecification","valueRequired":true,"valueName":"search_term_string"}}],"inLanguage":"it-IT"},{"@type":"Organization","@id":"https:\/\/www.m-q.ch\/fr\/#organization","name":"Galledia Fachmedien AG","url":"https:\/\/www.m-q.ch\/fr\/","logo":{"@type":"ImageObject","inLanguage":"it-IT","@id":"https:\/\/www.m-q.ch\/fr\/#\/schema\/logo\/image\/","url":"https:\/\/www.m-q.ch\/wp-content\/uploads\/2020\/12\/cropped-logo_small.png","contentUrl":"https:\/\/www.m-q.ch\/wp-content\/uploads\/2020\/12\/cropped-logo_small.png","width":512,"height":512,"caption":"Galledia Fachmedien AG"},"image":{"@id":"https:\/\/www.m-q.ch\/fr\/#\/schema\/logo\/image\/"},"sameAs":["https:\/\/www.facebook.com\/ManagementUndQualitaet","https:\/\/www.linkedin.com\/showcase\/17982321\/admin\/"]}]}},"_links":{"self":[{"href":"https:\/\/www.m-q.ch\/it\/wp-json\/wp\/v2\/pages\/7","targetHints":{"allow":["GET"]}}],"collection":[{"href":"https:\/\/www.m-q.ch\/it\/wp-json\/wp\/v2\/pages"}],"about":[{"href":"https:\/\/www.m-q.ch\/it\/wp-json\/wp\/v2\/types\/page"}],"author":[{"embeddable":true,"href":"https:\/\/www.m-q.ch\/it\/wp-json\/wp\/v2\/users\/1"}],"replies":[{"embeddable":true,"href":"https:\/\/www.m-q.ch\/it\/wp-json\/wp\/v2\/comments?post=7"}],"version-history":[{"count":43,"href":"https:\/\/www.m-q.ch\/it\/wp-json\/wp\/v2\/pages\/7\/revisions"}],"predecessor-version":[{"id":18807,"href":"https:\/\/www.m-q.ch\/it\/wp-json\/wp\/v2\/pages\/7\/revisions\/18807"}],"wp:attachment":[{"href":"https:\/\/www.m-q.ch\/it\/wp-json\/wp\/v2\/media?parent=7"}],"curies":[{"name":"wp","href":"https:\/\/api.w.org\/{rel}","templated":true}]}}